{"id":975,"date":"2021-02-18T15:57:20","date_gmt":"2021-02-18T14:57:20","guid":{"rendered":"http:\/\/yuhsinuchang.ovh\/?page_id=975"},"modified":"2021-02-25T14:37:58","modified_gmt":"2021-02-25T13:37:58","slug":"sculpture-in-situ-intrusion","status":"publish","type":"page","link":"http:\/\/yuhsinuchang.ovh\/index.php\/sculpture-in-situ-intrusion\/","title":{"rendered":"Sculpture in-situ &#8211; Intrusion"},"content":{"rendered":"\n<h2>Intrusion<\/h2>\n\n\n\n<p class=\"has-medium-font-size\"><\/p>\n\n\n\n<p style=\"font-size:14px;line-height:0\">sculpture <em>in situ <\/em>(Meuse)<\/p>\n\n\n\n<p style=\"font-size:14px;line-height:0\">2014<\/p>\n\n\n\n<p style=\"font-size:14px;line-height:0\">laine de mouton m\u00e9rinos non card\u00e9e<\/p>\n\n\n\n<p style=\"font-size:14px;line-height:0\">H : 700 x L: 300 x l : 280 cm<\/p>\n\n\n\n<p class=\"has-medium-font-size\" style=\"line-height:0\"><\/p>\n\n\n\n<p style=\"font-size:14px;line-height:1.3\">\u0152uvre produite dans le cadre de l\u2019exposition <em>Vent des For\u00eats<\/em>, (commissaire : Pascal Yonet), Meuse, France<\/p>\n\n\n\n<p style=\"font-size:30px\"><\/p>\n\n\n\n<figure class=\"wp-block-gallery columns-1 is-cropped\"><ul class=\"blocks-gallery-grid\"><li class=\"blocks-gallery-item\"><figure><a href=\"http:\/\/yuhsinuchang.ovh\/wp-content\/uploads\/2021\/02\/intrusion2.jpg\"><img loading=\"lazy\" width=\"735\" height=\"530\" src=\"http:\/\/yuhsinuchang.ovh\/wp-content\/uploads\/2021\/02\/intrusion2.jpg\" alt=\"\" data-id=\"978\" data-full-url=\"http:\/\/yuhsinuchang.ovh\/wp-content\/uploads\/2021\/02\/intrusion2.jpg\" data-link=\"http:\/\/yuhsinuchang.ovh\/?attachment_id=764\" class=\"wp-image-978\" srcset=\"http:\/\/yuhsinuchang.ovh\/wp-content\/uploads\/2021\/02\/intrusion2.jpg 735w, http:\/\/yuhsinuchang.ovh\/wp-content\/uploads\/2021\/02\/intrusion2-300x216.jpg 300w\" sizes=\"(max-width: 735px) 100vw, 735px\" \/><\/a><\/figure><\/li><\/ul><figcaption class=\"blocks-gallery-caption\">Yuhsin U Chang, Intrusion \u00a9Marine Calamai<\/figcaption><\/figure>\n\n\n\n<p style=\"font-size:40px\"><\/p>\n\n\n\n<p>Une mati\u00e8re vivante \u00e0 la base de cette sculpture d\u2019\u00e9paisse laine brute, toison d\u2019or sur le chemin de Champey&#8230;<\/p>\n\n\n\n<p style=\"font-size:40px\"><\/p>\n\n\n\n<figure class=\"wp-block-gallery columns-3 is-cropped\"><ul class=\"blocks-gallery-grid\"><li class=\"blocks-gallery-item\"><figure><a href=\"http:\/\/yuhsinuchang.ovh\/wp-content\/uploads\/2021\/02\/intrusion3-1.jpg\"><img loading=\"lazy\" width=\"735\" height=\"530\" src=\"http:\/\/yuhsinuchang.ovh\/wp-content\/uploads\/2021\/02\/intrusion3-1.jpg\" alt=\"\" data-id=\"979\" data-full-url=\"http:\/\/yuhsinuchang.ovh\/wp-content\/uploads\/2021\/02\/intrusion3-1.jpg\" data-link=\"http:\/\/yuhsinuchang.ovh\/?attachment_id=979\" class=\"wp-image-979\" srcset=\"http:\/\/yuhsinuchang.ovh\/wp-content\/uploads\/2021\/02\/intrusion3-1.jpg 735w, http:\/\/yuhsinuchang.ovh\/wp-content\/uploads\/2021\/02\/intrusion3-1-300x216.jpg 300w\" sizes=\"(max-width: 735px) 100vw, 735px\" \/><\/a><\/figure><\/li><li class=\"blocks-gallery-item\"><figure><a href=\"http:\/\/yuhsinuchang.ovh\/wp-content\/uploads\/2021\/02\/intrusion5.jpg\"><img loading=\"lazy\" width=\"735\" height=\"530\" src=\"http:\/\/yuhsinuchang.ovh\/wp-content\/uploads\/2021\/02\/intrusion5.jpg\" alt=\"\" data-id=\"980\" data-full-url=\"http:\/\/yuhsinuchang.ovh\/wp-content\/uploads\/2021\/02\/intrusion5.jpg\" data-link=\"http:\/\/yuhsinuchang.ovh\/?attachment_id=980\" class=\"wp-image-980\" srcset=\"http:\/\/yuhsinuchang.ovh\/wp-content\/uploads\/2021\/02\/intrusion5.jpg 735w, http:\/\/yuhsinuchang.ovh\/wp-content\/uploads\/2021\/02\/intrusion5-300x216.jpg 300w\" sizes=\"(max-width: 735px) 100vw, 735px\" \/><\/a><\/figure><\/li><li class=\"blocks-gallery-item\"><figure><a href=\"http:\/\/yuhsinuchang.ovh\/wp-content\/uploads\/2021\/02\/intrusion12.jpg\"><img loading=\"lazy\" width=\"735\" height=\"530\" src=\"http:\/\/yuhsinuchang.ovh\/wp-content\/uploads\/2021\/02\/intrusion12.jpg\" alt=\"\" data-id=\"982\" data-full-url=\"http:\/\/yuhsinuchang.ovh\/wp-content\/uploads\/2021\/02\/intrusion12.jpg\" data-link=\"http:\/\/yuhsinuchang.ovh\/?attachment_id=982\" class=\"wp-image-982\" srcset=\"http:\/\/yuhsinuchang.ovh\/wp-content\/uploads\/2021\/02\/intrusion12.jpg 735w, http:\/\/yuhsinuchang.ovh\/wp-content\/uploads\/2021\/02\/intrusion12-300x216.jpg 300w\" sizes=\"(max-width: 735px) 100vw, 735px\" \/><\/a><\/figure><\/li><li class=\"blocks-gallery-item\"><figure><a href=\"http:\/\/yuhsinuchang.ovh\/wp-content\/uploads\/2021\/02\/intrusion6.jpg\"><img loading=\"lazy\" width=\"735\" height=\"530\" src=\"http:\/\/yuhsinuchang.ovh\/wp-content\/uploads\/2021\/02\/intrusion6.jpg\" alt=\"\" data-id=\"981\" data-full-url=\"http:\/\/yuhsinuchang.ovh\/wp-content\/uploads\/2021\/02\/intrusion6.jpg\" data-link=\"http:\/\/yuhsinuchang.ovh\/?attachment_id=981\" class=\"wp-image-981\" srcset=\"http:\/\/yuhsinuchang.ovh\/wp-content\/uploads\/2021\/02\/intrusion6.jpg 735w, http:\/\/yuhsinuchang.ovh\/wp-content\/uploads\/2021\/02\/intrusion6-300x216.jpg 300w\" sizes=\"(max-width: 735px) 100vw, 735px\" \/><\/a><\/figure><\/li><\/ul><figcaption class=\"blocks-gallery-caption\">Installation \u00e0 Vent des For\u00eats, Champey, France<\/figcaption><\/figure>\n\n\n\n<p style=\"font-size:60px\"><\/p>\n\n\n\n<figure class=\"wp-block-embed is-type-video is-provider-youtube wp-block-embed-youtube wp-embed-aspect-16-9 wp-has-aspect-ratio\"><div class=\"wp-block-embed__wrapper\">\n<iframe title=\"Yuhsin U Chang, Intrusion, oeuvre en cours de re\u0301alisation, VdF 2014 \u00a9 Arnaud Fuzelier\" width=\"525\" height=\"295\" src=\"https:\/\/www.youtube.com\/embed\/gUY1jJZUs9E?feature=oembed\" frameborder=\"0\" allow=\"accelerometer; autoplay; clipboard-write; encrypted-media; gyroscope; picture-in-picture\" allowfullscreen><\/iframe>\n<\/div><\/figure>\n","protected":false},"excerpt":{"rendered":"<p>Intrusion sculpture in situ (Meuse) 2014 laine de mouton m\u00e9rinos non card\u00e9e H : 700 x L: 300 x l : 280 cm \u0152uvre produite dans le cadre de l\u2019exposition Vent des For\u00eats, (commissaire : Pascal Yonet), Meuse, France Une mati\u00e8re vivante \u00e0 la base de cette sculpture d\u2019\u00e9paisse laine brute, toison d\u2019or sur le &hellip; <\/p>\n<p class=\"link-more\"><a href=\"http:\/\/yuhsinuchang.ovh\/index.php\/sculpture-in-situ-intrusion\/\" class=\"more-link\">Continue reading<span class=\"screen-reader-text\"> &#8220;Sculpture in-situ &#8211; Intrusion&#8221;<\/span><\/a><\/p>\n","protected":false},"author":1,"featured_media":976,"parent":0,"menu_order":0,"comment_status":"closed","ping_status":"closed","template":"","meta":[],"_links":{"self":[{"href":"http:\/\/yuhsinuchang.ovh\/index.php\/wp-json\/wp\/v2\/pages\/975"}],"collection":[{"href":"http:\/\/yuhsinuchang.ovh\/index.php\/wp-json\/wp\/v2\/pages"}],"about":[{"href":"http:\/\/yuhsinuchang.ovh\/index.php\/wp-json\/wp\/v2\/types\/page"}],"author":[{"embeddable":true,"href":"http:\/\/yuhsinuchang.ovh\/index.php\/wp-json\/wp\/v2\/users\/1"}],"replies":[{"embeddable":true,"href":"http:\/\/yuhsinuchang.ovh\/index.php\/wp-json\/wp\/v2\/comments?post=975"}],"version-history":[{"count":6,"href":"http:\/\/yuhsinuchang.ovh\/index.php\/wp-json\/wp\/v2\/pages\/975\/revisions"}],"predecessor-version":[{"id":1479,"href":"http:\/\/yuhsinuchang.ovh\/index.php\/wp-json\/wp\/v2\/pages\/975\/revisions\/1479"}],"wp:featuredmedia":[{"embeddable":true,"href":"http:\/\/yuhsinuchang.ovh\/index.php\/wp-json\/wp\/v2\/media\/976"}],"wp:attachment":[{"href":"http:\/\/yuhsinuchang.ovh\/index.php\/wp-json\/wp\/v2\/media?parent=975"}],"curies":[{"name":"wp","href":"https:\/\/api.w.org\/{rel}","templated":true}]}}