{"id":953,"date":"2021-02-18T15:19:52","date_gmt":"2021-02-18T14:19:52","guid":{"rendered":"http:\/\/yuhsinuchang.ovh\/?page_id=953"},"modified":"2021-02-19T22:24:43","modified_gmt":"2021-02-19T21:24:43","slug":"sculpture-in-situ-nuage","status":"publish","type":"page","link":"http:\/\/yuhsinuchang.ovh\/index.php\/sculpture-in-situ-nuage\/","title":{"rendered":"Sculpture in situ &#8211; Nuage"},"content":{"rendered":"\n<h2>Nuage<\/h2>\n\n\n\n<p><\/p>\n\n\n\n<p style=\"font-size:14px;line-height:0\">sculpture <em>in situ <\/em><\/p>\n\n\n\n<p style=\"font-size:14px;line-height:0\">Picherande, Massif du Sancy<\/p>\n\n\n\n<p style=\"font-size:14px;line-height:0\">2014<\/p>\n\n\n\n<p style=\"font-size:14px;line-height:0\">laine de mouton non card\u00e9e<\/p>\n\n\n\n<p style=\"font-size:14px;line-height:0\">H : 400 x L: 600 x l : 300 cm<\/p>\n\n\n\n<p class=\"has-medium-font-size\"><\/p>\n\n\n\n<p style=\"font-size:14px;line-height:1.3\">\u0152uvre produite dans le cadre de l\u2019exposition <em>Horizons<\/em>, Picherande, France<\/p>\n\n\n\n<p style=\"font-size:8px\"><\/p>\n\n\n\n<p style=\"font-size:14px;line-height:1.3\">Collection priv\u00e9e, France<\/p>\n\n\n\n<p style=\"font-size:30px\"><\/p>\n\n\n\n<figure class=\"wp-block-gallery columns-1 is-cropped\"><ul class=\"blocks-gallery-grid\"><li class=\"blocks-gallery-item\"><figure><a href=\"http:\/\/yuhsinuchang.ovh\/wp-content\/uploads\/2021\/02\/nuage3.jpg\"><img loading=\"lazy\" width=\"735\" height=\"530\" src=\"http:\/\/yuhsinuchang.ovh\/wp-content\/uploads\/2021\/02\/nuage3.jpg\" alt=\"\" data-id=\"957\" data-full-url=\"http:\/\/yuhsinuchang.ovh\/wp-content\/uploads\/2021\/02\/nuage3.jpg\" data-link=\"http:\/\/yuhsinuchang.ovh\/index.php\/sculpture-in-situ-nuage\/nuage3\/\" class=\"wp-image-957\" srcset=\"http:\/\/yuhsinuchang.ovh\/wp-content\/uploads\/2021\/02\/nuage3.jpg 735w, http:\/\/yuhsinuchang.ovh\/wp-content\/uploads\/2021\/02\/nuage3-300x216.jpg 300w\" sizes=\"(max-width: 735px) 100vw, 735px\" \/><\/a><\/figure><\/li><\/ul><\/figure>\n\n\n\n<p style=\"font-size:15px\"><\/p>\n\n\n\n<p>Sur les plateaux du Massif du Sancy une forme en nuage&#8230; R\u00e9alis\u00e9e en laine brute, <em>Nuage <\/em>convoque une inqui\u00e9tante \u00e9tran- get\u00e9 dans le paysage.<\/p>\n\n\n\n<p>Les l\u00e8zes de laine sont assembl\u00e9es de mani\u00e8re \u00e0 sugg\u00e9rer un mouve- ment ascensionnel et dynamique. Une certaine \u201cmobilit\u00e9\u201d anime cette forme pourtant statique et introduit le vivant au c\u0153ur de ce paysage largement ouvert sur le ciel et les horizons.<\/p>\n\n\n\n<p style=\"font-size:15px;line-height:0\"><br><\/p>\n\n\n\n<figure class=\"wp-block-gallery columns-3 is-cropped\"><ul class=\"blocks-gallery-grid\"><li class=\"blocks-gallery-item\"><figure><a href=\"http:\/\/yuhsinuchang.ovh\/wp-content\/uploads\/2021\/02\/nuage33.jpg\"><img loading=\"lazy\" width=\"735\" height=\"530\" src=\"http:\/\/yuhsinuchang.ovh\/wp-content\/uploads\/2021\/02\/nuage33.jpg\" alt=\"\" data-id=\"954\" data-full-url=\"http:\/\/yuhsinuchang.ovh\/wp-content\/uploads\/2021\/02\/nuage33.jpg\" data-link=\"http:\/\/yuhsinuchang.ovh\/index.php\/sculpture-in-situ-nuage\/nuage33\/\" class=\"wp-image-954\" srcset=\"http:\/\/yuhsinuchang.ovh\/wp-content\/uploads\/2021\/02\/nuage33.jpg 735w, http:\/\/yuhsinuchang.ovh\/wp-content\/uploads\/2021\/02\/nuage33-300x216.jpg 300w\" sizes=\"(max-width: 735px) 100vw, 735px\" \/><\/a><\/figure><\/li><li class=\"blocks-gallery-item\"><figure><a href=\"http:\/\/yuhsinuchang.ovh\/wp-content\/uploads\/2021\/02\/nuage6.jpg\"><img loading=\"lazy\" width=\"735\" height=\"530\" src=\"http:\/\/yuhsinuchang.ovh\/wp-content\/uploads\/2021\/02\/nuage6.jpg\" alt=\"\" data-id=\"959\" data-full-url=\"http:\/\/yuhsinuchang.ovh\/wp-content\/uploads\/2021\/02\/nuage6.jpg\" data-link=\"http:\/\/yuhsinuchang.ovh\/index.php\/sculpture-in-situ-nuage\/nuage6\/\" class=\"wp-image-959\" srcset=\"http:\/\/yuhsinuchang.ovh\/wp-content\/uploads\/2021\/02\/nuage6.jpg 735w, http:\/\/yuhsinuchang.ovh\/wp-content\/uploads\/2021\/02\/nuage6-300x216.jpg 300w\" sizes=\"(max-width: 735px) 100vw, 735px\" \/><\/a><\/figure><\/li><li class=\"blocks-gallery-item\"><figure><a href=\"http:\/\/yuhsinuchang.ovh\/wp-content\/uploads\/2021\/02\/nuage28.jpg\"><img loading=\"lazy\" width=\"735\" height=\"530\" src=\"http:\/\/yuhsinuchang.ovh\/wp-content\/uploads\/2021\/02\/nuage28.jpg\" alt=\"\" data-id=\"962\" data-full-url=\"http:\/\/yuhsinuchang.ovh\/wp-content\/uploads\/2021\/02\/nuage28.jpg\" data-link=\"http:\/\/yuhsinuchang.ovh\/index.php\/sculpture-in-situ-nuage\/nuage28\/\" class=\"wp-image-962\" srcset=\"http:\/\/yuhsinuchang.ovh\/wp-content\/uploads\/2021\/02\/nuage28.jpg 735w, http:\/\/yuhsinuchang.ovh\/wp-content\/uploads\/2021\/02\/nuage28-300x216.jpg 300w\" sizes=\"(max-width: 735px) 100vw, 735px\" \/><\/a><\/figure><\/li><li class=\"blocks-gallery-item\"><figure><a href=\"http:\/\/yuhsinuchang.ovh\/wp-content\/uploads\/2021\/02\/nuage7.jpg\"><img loading=\"lazy\" width=\"735\" height=\"530\" src=\"http:\/\/yuhsinuchang.ovh\/wp-content\/uploads\/2021\/02\/nuage7.jpg\" alt=\"\" data-id=\"960\" data-full-url=\"http:\/\/yuhsinuchang.ovh\/wp-content\/uploads\/2021\/02\/nuage7.jpg\" data-link=\"http:\/\/yuhsinuchang.ovh\/index.php\/sculpture-in-situ-nuage\/nuage7\/\" class=\"wp-image-960\" srcset=\"http:\/\/yuhsinuchang.ovh\/wp-content\/uploads\/2021\/02\/nuage7.jpg 735w, http:\/\/yuhsinuchang.ovh\/wp-content\/uploads\/2021\/02\/nuage7-300x216.jpg 300w\" sizes=\"(max-width: 735px) 100vw, 735px\" \/><\/a><\/figure><\/li><li class=\"blocks-gallery-item\"><figure><a href=\"http:\/\/yuhsinuchang.ovh\/wp-content\/uploads\/2021\/02\/nuage5.jpg\"><img loading=\"lazy\" width=\"735\" height=\"530\" src=\"http:\/\/yuhsinuchang.ovh\/wp-content\/uploads\/2021\/02\/nuage5.jpg\" alt=\"\" data-id=\"958\" data-full-url=\"http:\/\/yuhsinuchang.ovh\/wp-content\/uploads\/2021\/02\/nuage5.jpg\" data-link=\"http:\/\/yuhsinuchang.ovh\/index.php\/sculpture-in-situ-nuage\/nuage5\/\" class=\"wp-image-958\" srcset=\"http:\/\/yuhsinuchang.ovh\/wp-content\/uploads\/2021\/02\/nuage5.jpg 735w, http:\/\/yuhsinuchang.ovh\/wp-content\/uploads\/2021\/02\/nuage5-300x216.jpg 300w\" sizes=\"(max-width: 735px) 100vw, 735px\" \/><\/a><\/figure><\/li><\/ul><figcaption class=\"blocks-gallery-caption\">Installation \u00e0 Picherande, Massif du Sancy, France<\/figcaption><\/figure>\n","protected":false},"excerpt":{"rendered":"<p>Nuage sculpture in situ Picherande, Massif du Sancy 2014 laine de mouton non card\u00e9e H : 400 x L: 600 x l : 300 cm \u0152uvre produite dans le cadre de l\u2019exposition Horizons, Picherande, France Collection priv\u00e9e, France Sur les plateaux du Massif du Sancy une forme en nuage&#8230; R\u00e9alis\u00e9e en laine brute, Nuage convoque &hellip; <\/p>\n<p class=\"link-more\"><a href=\"http:\/\/yuhsinuchang.ovh\/index.php\/sculpture-in-situ-nuage\/\" class=\"more-link\">Continue reading<span class=\"screen-reader-text\"> &#8220;Sculpture in situ &#8211; Nuage&#8221;<\/span><\/a><\/p>\n","protected":false},"author":1,"featured_media":955,"parent":0,"menu_order":0,"comment_status":"closed","ping_status":"closed","template":"","meta":[],"_links":{"self":[{"href":"http:\/\/yuhsinuchang.ovh\/index.php\/wp-json\/wp\/v2\/pages\/953"}],"collection":[{"href":"http:\/\/yuhsinuchang.ovh\/index.php\/wp-json\/wp\/v2\/pages"}],"about":[{"href":"http:\/\/yuhsinuchang.ovh\/index.php\/wp-json\/wp\/v2\/types\/page"}],"author":[{"embeddable":true,"href":"http:\/\/yuhsinuchang.ovh\/index.php\/wp-json\/wp\/v2\/users\/1"}],"replies":[{"embeddable":true,"href":"http:\/\/yuhsinuchang.ovh\/index.php\/wp-json\/wp\/v2\/comments?post=953"}],"version-history":[{"count":11,"href":"http:\/\/yuhsinuchang.ovh\/index.php\/wp-json\/wp\/v2\/pages\/953\/revisions"}],"predecessor-version":[{"id":1377,"href":"http:\/\/yuhsinuchang.ovh\/index.php\/wp-json\/wp\/v2\/pages\/953\/revisions\/1377"}],"wp:featuredmedia":[{"embeddable":true,"href":"http:\/\/yuhsinuchang.ovh\/index.php\/wp-json\/wp\/v2\/media\/955"}],"wp:attachment":[{"href":"http:\/\/yuhsinuchang.ovh\/index.php\/wp-json\/wp\/v2\/media?parent=953"}],"curies":[{"name":"wp","href":"https:\/\/api.w.org\/{rel}","templated":true}]}}