{"id":881,"date":"2021-02-18T11:14:23","date_gmt":"2021-02-18T10:14:23","guid":{"rendered":"http:\/\/yuhsinuchang.ovh\/?page_id=881"},"modified":"2021-02-19T22:56:12","modified_gmt":"2021-02-19T21:56:12","slug":"sculpture-in-situ-arcane-de-la-montagne","status":"publish","type":"page","link":"http:\/\/yuhsinuchang.ovh\/index.php\/sculpture-in-situ-arcane-de-la-montagne\/","title":{"rendered":"Sculpture in situ &#8211; Arcane de la montagne"},"content":{"rendered":"\n<h2>Arcane de la montagne<\/h2>\n\n\n\n<p class=\"has-medium-font-size\"><\/p>\n\n\n\n<p style=\"font-size:14px;line-height:0\">sculpture <em>in situ <\/em><\/p>\n\n\n\n<p style=\"font-size:14px;line-height:0\">Montagne Sainte-Victoire, Puyloubier<\/p>\n\n\n\n<p style=\"font-size:14px;line-height:0\">2013<\/p>\n\n\n\n<p style=\"font-size:14px;line-height:0\">r\u00e9sine acrylique, tissu de verre<\/p>\n\n\n\n<p style=\"font-size:14px;line-height:0\">H : 80 x L: 500 x l : 500 cm<\/p>\n\n\n\n<p style=\"font-size:40px\"><\/p>\n\n\n\n<figure class=\"wp-block-gallery columns-1 is-cropped\"><ul class=\"blocks-gallery-grid\"><li class=\"blocks-gallery-item\"><figure><a href=\"http:\/\/yuhsinuchang.ovh\/wp-content\/uploads\/2021\/02\/arcane3-1-1.jpg\"><img loading=\"lazy\" width=\"735\" height=\"491\" src=\"http:\/\/yuhsinuchang.ovh\/wp-content\/uploads\/2021\/02\/arcane3-1-1.jpg\" alt=\"\" data-id=\"882\" data-full-url=\"http:\/\/yuhsinuchang.ovh\/wp-content\/uploads\/2021\/02\/arcane3-1-1.jpg\" data-link=\"http:\/\/yuhsinuchang.ovh\/index.php\/sculpture-in-situ-arcane-de-la-montagne\/arcane3-1-1\/\" class=\"wp-image-882\" srcset=\"http:\/\/yuhsinuchang.ovh\/wp-content\/uploads\/2021\/02\/arcane3-1-1.jpg 735w, http:\/\/yuhsinuchang.ovh\/wp-content\/uploads\/2021\/02\/arcane3-1-1-300x200.jpg 300w\" sizes=\"(max-width: 735px) 100vw, 735px\" \/><\/a><\/figure><\/li><\/ul><\/figure>\n\n\n\n<p style=\"font-size:15px\"><\/p>\n\n\n\n<p><em>Arcane de la montagne <\/em>se pr\u00e9sente comme une fouille arch\u00e9ologique qui aurait mis en \u00e9vidence une ramification fossilis\u00e9e par le temps.<\/p>\n\n\n\n<p>La pr\u00e9sence de ces racines min\u00e9rales se frayant un chemin sur et sous la terre induise une analogie avec la Montagne Sainte-Victoire qui lui fait face.<\/p>\n\n\n\n<p style=\"font-size:30px\"><\/p>\n\n\n\n<figure class=\"wp-block-gallery columns-1 is-cropped\"><ul class=\"blocks-gallery-grid\"><li class=\"blocks-gallery-item\"><figure><a href=\"http:\/\/yuhsinuchang.ovh\/wp-content\/uploads\/2021\/02\/arcane4-1.jpg\"><img loading=\"lazy\" width=\"735\" height=\"489\" src=\"http:\/\/yuhsinuchang.ovh\/wp-content\/uploads\/2021\/02\/arcane4-1.jpg\" alt=\"\" data-id=\"883\" data-full-url=\"http:\/\/yuhsinuchang.ovh\/wp-content\/uploads\/2021\/02\/arcane4-1.jpg\" data-link=\"http:\/\/yuhsinuchang.ovh\/?attachment_id=883\" class=\"wp-image-883\" srcset=\"http:\/\/yuhsinuchang.ovh\/wp-content\/uploads\/2021\/02\/arcane4-1.jpg 735w, http:\/\/yuhsinuchang.ovh\/wp-content\/uploads\/2021\/02\/arcane4-1-300x200.jpg 300w\" sizes=\"(max-width: 735px) 100vw, 735px\" \/><\/a><\/figure><\/li><\/ul><figcaption class=\"blocks-gallery-caption\">Installation au pied de la Montagne Sainte-Victoire, Domaine de Saint-Ser, Puyloubier, France<\/figcaption><\/figure>\n","protected":false},"excerpt":{"rendered":"<p>Arcane de la montagne sculpture in situ Montagne Sainte-Victoire, Puyloubier 2013 r\u00e9sine acrylique, tissu de verre H : 80 x L: 500 x l : 500 cm Arcane de la montagne se pr\u00e9sente comme une fouille arch\u00e9ologique qui aurait mis en \u00e9vidence une ramification fossilis\u00e9e par le temps. La pr\u00e9sence de ces racines min\u00e9rales se &hellip; <\/p>\n<p class=\"link-more\"><a href=\"http:\/\/yuhsinuchang.ovh\/index.php\/sculpture-in-situ-arcane-de-la-montagne\/\" class=\"more-link\">Continue reading<span class=\"screen-reader-text\"> &#8220;Sculpture in situ &#8211; Arcane de la montagne&#8221;<\/span><\/a><\/p>\n","protected":false},"author":1,"featured_media":884,"parent":0,"menu_order":0,"comment_status":"closed","ping_status":"closed","template":"","meta":[],"_links":{"self":[{"href":"http:\/\/yuhsinuchang.ovh\/index.php\/wp-json\/wp\/v2\/pages\/881"}],"collection":[{"href":"http:\/\/yuhsinuchang.ovh\/index.php\/wp-json\/wp\/v2\/pages"}],"about":[{"href":"http:\/\/yuhsinuchang.ovh\/index.php\/wp-json\/wp\/v2\/types\/page"}],"author":[{"embeddable":true,"href":"http:\/\/yuhsinuchang.ovh\/index.php\/wp-json\/wp\/v2\/users\/1"}],"replies":[{"embeddable":true,"href":"http:\/\/yuhsinuchang.ovh\/index.php\/wp-json\/wp\/v2\/comments?post=881"}],"version-history":[{"count":9,"href":"http:\/\/yuhsinuchang.ovh\/index.php\/wp-json\/wp\/v2\/pages\/881\/revisions"}],"predecessor-version":[{"id":1400,"href":"http:\/\/yuhsinuchang.ovh\/index.php\/wp-json\/wp\/v2\/pages\/881\/revisions\/1400"}],"wp:featuredmedia":[{"embeddable":true,"href":"http:\/\/yuhsinuchang.ovh\/index.php\/wp-json\/wp\/v2\/media\/884"}],"wp:attachment":[{"href":"http:\/\/yuhsinuchang.ovh\/index.php\/wp-json\/wp\/v2\/media?parent=881"}],"curies":[{"name":"wp","href":"https:\/\/api.w.org\/{rel}","templated":true}]}}