{"id":813,"date":"2021-02-17T18:15:15","date_gmt":"2021-02-17T17:15:15","guid":{"rendered":"http:\/\/yuhsinuchang.ovh\/?page_id=813"},"modified":"2021-02-25T15:17:07","modified_gmt":"2021-02-25T14:17:07","slug":"sculpture-in-situ-arcane","status":"publish","type":"page","link":"http:\/\/yuhsinuchang.ovh\/index.php\/sculpture-in-situ-arcane\/","title":{"rendered":"Sculpture in situ &#8211; Arcane-Racines"},"content":{"rendered":"\n<h2>Arcane &#8211; Racines<\/h2>\n\n\n\n<p class=\"has-medium-font-size\"><\/p>\n\n\n\n<p style=\"font-size:14px;line-height:0\">sculpture in situ (hortillonnage \u00e0 Amiens) <\/p>\n\n\n\n<p style=\"font-size:14px;line-height:0\">2017<\/p>\n\n\n\n<p style=\"font-size:14px;line-height:0\">bois &#8211; fr\u00eane, saule, noisetier<\/p>\n\n\n\n<p style=\"font-size:14px;line-height:0\">H : 550 x L : 1100 x l : 1000 cm<\/p>\n\n\n\n<p class=\"has-medium-font-size\"><\/p>\n\n\n\n<p style=\"font-size:14px;line-height:1.5\">\u0152uvre produite dans le cadre du festival <em>Art, villes &amp; paysage, <\/em>Maison de la Culture d\u2019Amiens<\/p>\n\n\n\n<p style=\"font-size:30px\"><\/p>\n\n\n\n<figure class=\"wp-block-gallery columns-1\"><ul class=\"blocks-gallery-grid\"><li class=\"blocks-gallery-item\"><figure><a href=\"http:\/\/yuhsinuchang.ovh\/wp-content\/uploads\/2021\/02\/Arcane3-2.jpg\"><img src=\"http:\/\/yuhsinuchang.ovh\/wp-content\/uploads\/2021\/02\/Arcane3-2-1024x576.jpg\" alt=\"\" data-id=\"831\" data-full-url=\"http:\/\/yuhsinuchang.ovh\/wp-content\/uploads\/2021\/02\/Arcane3-2.jpg\" data-link=\"http:\/\/yuhsinuchang.ovh\/index.php\/sculpture-in-situ-arcane\/arcane3-2\/\" class=\"wp-image-764\"\/><\/a><\/figure><\/li><\/ul><\/figure>\n\n\n\n<p style=\"font-size:15px\"><\/p>\n\n\n\n<p>Aujourd\u2019hui, les scientifiques parlent de \u201cWood-Wide-Web\u201d pour \u00e9voquer l\u2019activit\u00e9 de ce r\u00e9seau forestier (souterrain et a\u00e9rien) et dans lequel seraient aussi parties prenantes des \u00ab langages ou ondes \u00bb sonores, olfactifs en particuliers.<br>Pens\u00e9e et cr\u00e9\u00e9e pour s\u2019int\u00e9grer dans la v\u00e9g\u00e9tation foresti\u00e8re de l\u2019\u00eele aux Fagots, <em>Arcane <\/em>convoque et \u00e9voque ce r\u00e9seau racinaire fait de dialogues fibreux, d\u2019\u00e9changes de nutriments, d\u2019interactions qui fondent la complexit\u00e9 du vivant organique sous-terrain. Elle nous parle de l\u2019\u00e9quilibre toujours fragile des \u00e9cosyst\u00e8mes.<\/p>\n\n\n\n<p style=\"font-size:25px\"><\/p>\n\n\n\n<figure class=\"wp-block-gallery columns-2 is-cropped\"><ul class=\"blocks-gallery-grid\"><li class=\"blocks-gallery-item\"><figure><a href=\"http:\/\/yuhsinuchang.ovh\/wp-content\/uploads\/2021\/02\/Arcane3-1.jpg\"><img loading=\"lazy\" width=\"978\" height=\"652\" src=\"http:\/\/yuhsinuchang.ovh\/wp-content\/uploads\/2021\/02\/Arcane3-1.jpg\" alt=\"\" data-id=\"832\" data-full-url=\"http:\/\/yuhsinuchang.ovh\/wp-content\/uploads\/2021\/02\/Arcane3-1.jpg\" data-link=\"http:\/\/yuhsinuchang.ovh\/index.php\/sculpture-in-situ-arcane\/arcane3-1\/\" class=\"wp-image-832\" srcset=\"http:\/\/yuhsinuchang.ovh\/wp-content\/uploads\/2021\/02\/Arcane3-1.jpg 978w, http:\/\/yuhsinuchang.ovh\/wp-content\/uploads\/2021\/02\/Arcane3-1-300x200.jpg 300w, http:\/\/yuhsinuchang.ovh\/wp-content\/uploads\/2021\/02\/Arcane3-1-768x512.jpg 768w\" sizes=\"(max-width: 767px) 89vw, (max-width: 1000px) 54vw, (max-width: 1071px) 543px, 580px\" \/><\/a><\/figure><\/li><li class=\"blocks-gallery-item\"><figure><a href=\"http:\/\/yuhsinuchang.ovh\/wp-content\/uploads\/2021\/02\/Arcane3-3.jpg\"><img loading=\"lazy\" width=\"1024\" height=\"576\" src=\"http:\/\/yuhsinuchang.ovh\/wp-content\/uploads\/2021\/02\/Arcane3-3-1024x576.jpg\" alt=\"\" data-id=\"833\" data-full-url=\"http:\/\/yuhsinuchang.ovh\/wp-content\/uploads\/2021\/02\/Arcane3-3.jpg\" data-link=\"http:\/\/yuhsinuchang.ovh\/index.php\/sculpture-in-situ-arcane\/arcane3-3\/\" class=\"wp-image-833\" srcset=\"http:\/\/yuhsinuchang.ovh\/wp-content\/uploads\/2021\/02\/Arcane3-3-1024x576.jpg 1024w, http:\/\/yuhsinuchang.ovh\/wp-content\/uploads\/2021\/02\/Arcane3-3-300x169.jpg 300w, http:\/\/yuhsinuchang.ovh\/wp-content\/uploads\/2021\/02\/Arcane3-3-768x432.jpg 768w, http:\/\/yuhsinuchang.ovh\/wp-content\/uploads\/2021\/02\/Arcane3-3.jpg 1159w\" sizes=\"(max-width: 767px) 89vw, (max-width: 1000px) 54vw, (max-width: 1071px) 543px, 580px\" \/><\/a><\/figure><\/li><li class=\"blocks-gallery-item\"><figure><a href=\"http:\/\/yuhsinuchang.ovh\/wp-content\/uploads\/2021\/02\/Arcane3-4.jpg\"><img loading=\"lazy\" width=\"1024\" height=\"576\" src=\"http:\/\/yuhsinuchang.ovh\/wp-content\/uploads\/2021\/02\/Arcane3-4-1024x576.jpg\" alt=\"\" data-id=\"834\" data-full-url=\"http:\/\/yuhsinuchang.ovh\/wp-content\/uploads\/2021\/02\/Arcane3-4.jpg\" data-link=\"http:\/\/yuhsinuchang.ovh\/index.php\/sculpture-in-situ-arcane\/arcane3-4\/\" class=\"wp-image-834\" srcset=\"http:\/\/yuhsinuchang.ovh\/wp-content\/uploads\/2021\/02\/Arcane3-4-1024x576.jpg 1024w, http:\/\/yuhsinuchang.ovh\/wp-content\/uploads\/2021\/02\/Arcane3-4-300x169.jpg 300w, http:\/\/yuhsinuchang.ovh\/wp-content\/uploads\/2021\/02\/Arcane3-4-768x432.jpg 768w, http:\/\/yuhsinuchang.ovh\/wp-content\/uploads\/2021\/02\/Arcane3-4.jpg 1159w\" sizes=\"(max-width: 767px) 89vw, (max-width: 1000px) 54vw, (max-width: 1071px) 543px, 580px\" \/><\/a><\/figure><\/li><\/ul><figcaption class=\"blocks-gallery-caption\">Installation \u00e0 l&#8217; \u00eele aux fagots, dans les hortillonnages \u00e0 Amiens, France<\/figcaption><\/figure>\n\n\n\n<p style=\"font-size:30px\"><\/p>\n\n\n\n<p><br><\/p>\n\n\n\n<figure class=\"wp-block-embed is-type-video is-provider-dailymotion wp-block-embed-dailymotion wp-embed-aspect-16-9 wp-has-aspect-ratio\"><div class=\"wp-block-embed__wrapper\">\n<iframe title=\"Arcane, sculpture de Yushin U Chang - Festival Art Villes et Paysage - Hortillonnages 2017\" frameborder=\"0\" width=\"525\" height=\"295\" src=\"https:\/\/www.dailymotion.com\/embed\/video\/x60t8mg\" allowfullscreen allow=\"autoplay\"><\/iframe>\n<\/div><\/figure>\n","protected":false},"excerpt":{"rendered":"<p>Arcane &#8211; Racines sculpture in situ (hortillonnage \u00e0 Amiens) 2017 bois &#8211; fr\u00eane, saule, noisetier H : 550 x L : 1100 x l : 1000 cm \u0152uvre produite dans le cadre du festival Art, villes &amp; paysage, Maison de la Culture d\u2019Amiens Aujourd\u2019hui, les scientifiques parlent de \u201cWood-Wide-Web\u201d pour \u00e9voquer l\u2019activit\u00e9 de ce r\u00e9seau &hellip; <\/p>\n<p class=\"link-more\"><a href=\"http:\/\/yuhsinuchang.ovh\/index.php\/sculpture-in-situ-arcane\/\" class=\"more-link\">Continue reading<span class=\"screen-reader-text\"> &#8220;Sculpture in situ &#8211; Arcane-Racines&#8221;<\/span><\/a><\/p>\n","protected":false},"author":1,"featured_media":1329,"parent":0,"menu_order":0,"comment_status":"closed","ping_status":"closed","template":"","meta":[],"_links":{"self":[{"href":"http:\/\/yuhsinuchang.ovh\/index.php\/wp-json\/wp\/v2\/pages\/813"}],"collection":[{"href":"http:\/\/yuhsinuchang.ovh\/index.php\/wp-json\/wp\/v2\/pages"}],"about":[{"href":"http:\/\/yuhsinuchang.ovh\/index.php\/wp-json\/wp\/v2\/types\/page"}],"author":[{"embeddable":true,"href":"http:\/\/yuhsinuchang.ovh\/index.php\/wp-json\/wp\/v2\/users\/1"}],"replies":[{"embeddable":true,"href":"http:\/\/yuhsinuchang.ovh\/index.php\/wp-json\/wp\/v2\/comments?post=813"}],"version-history":[{"count":13,"href":"http:\/\/yuhsinuchang.ovh\/index.php\/wp-json\/wp\/v2\/pages\/813\/revisions"}],"predecessor-version":[{"id":1490,"href":"http:\/\/yuhsinuchang.ovh\/index.php\/wp-json\/wp\/v2\/pages\/813\/revisions\/1490"}],"wp:featuredmedia":[{"embeddable":true,"href":"http:\/\/yuhsinuchang.ovh\/index.php\/wp-json\/wp\/v2\/media\/1329"}],"wp:attachment":[{"href":"http:\/\/yuhsinuchang.ovh\/index.php\/wp-json\/wp\/v2\/media?parent=813"}],"curies":[{"name":"wp","href":"https:\/\/api.w.org\/{rel}","templated":true}]}}