{"id":8,"date":"2021-02-03T11:22:17","date_gmt":"2021-02-03T10:22:17","guid":{"rendered":"http:\/\/yuhsinuchang.ovh\/?page_id=8"},"modified":"2024-08-06T16:25:06","modified_gmt":"2024-08-06T14:25:06","slug":"accueil","status":"publish","type":"page","link":"http:\/\/yuhsinuchang.ovh\/","title":{"rendered":"Yuhsin U Chang"},"content":{"rendered":"\n<p>Les \u0153uvres de Yuhsin U Chang explorent les formes et la po\u00e9tique du vivant \u00e0 travers des mat\u00e9riaux bruts (poussi\u00e8re, laine de mouton, fibre de lin, cuir, bois&#8230;) assembl\u00e9s et organis\u00e9s dans un langage sculptural (qu\u2019il s\u2019agisse de sculptures ou de photographies). Ces mat\u00e9riaux organiques, r\u00e9siduels sont par ailleurs utilis\u00e9s et travaill\u00e9s pour leur capacit\u00e9 \u00e0 produire un \u00e9tat transitoire, en suspens, en devenir. Les sculptures, souvent in situ et de grandes dimensions, s\u2019appuient sur l\u2019histoire des lieux, la typologie et la topographie des espaces o\u00f9 elles viennent se d\u00e9ployer, tout en cr\u00e9ant une relation directe &#8220;intime&#8221; avec le contexte o\u00f9 elles sont install\u00e9es.<\/p>\n","protected":false},"excerpt":{"rendered":"<p>Les \u0153uvres de Yuhsin U Chang explorent les formes et la po\u00e9tique du vivant \u00e0 travers des mat\u00e9riaux bruts (poussi\u00e8re, laine de mouton, fibre de lin, cuir, bois&#8230;) assembl\u00e9s et organis\u00e9s dans un langage sculptural (qu\u2019il s\u2019agisse de sculptures ou de photographies). Ces mat\u00e9riaux organiques, r\u00e9siduels sont par ailleurs utilis\u00e9s et travaill\u00e9s pour leur capacit\u00e9 &hellip; <\/p>\n<p class=\"link-more\"><a href=\"http:\/\/yuhsinuchang.ovh\/\" class=\"more-link\">Continue reading<span class=\"screen-reader-text\"> &#8220;Yuhsin U Chang&#8221;<\/span><\/a><\/p>\n","protected":false},"author":1,"featured_media":493,"parent":0,"menu_order":0,"comment_status":"closed","ping_status":"closed","template":"","meta":[],"_links":{"self":[{"href":"http:\/\/yuhsinuchang.ovh\/index.php\/wp-json\/wp\/v2\/pages\/8"}],"collection":[{"href":"http:\/\/yuhsinuchang.ovh\/index.php\/wp-json\/wp\/v2\/pages"}],"about":[{"href":"http:\/\/yuhsinuchang.ovh\/index.php\/wp-json\/wp\/v2\/types\/page"}],"author":[{"embeddable":true,"href":"http:\/\/yuhsinuchang.ovh\/index.php\/wp-json\/wp\/v2\/users\/1"}],"replies":[{"embeddable":true,"href":"http:\/\/yuhsinuchang.ovh\/index.php\/wp-json\/wp\/v2\/comments?post=8"}],"version-history":[{"count":5,"href":"http:\/\/yuhsinuchang.ovh\/index.php\/wp-json\/wp\/v2\/pages\/8\/revisions"}],"predecessor-version":[{"id":2340,"href":"http:\/\/yuhsinuchang.ovh\/index.php\/wp-json\/wp\/v2\/pages\/8\/revisions\/2340"}],"wp:featuredmedia":[{"embeddable":true,"href":"http:\/\/yuhsinuchang.ovh\/index.php\/wp-json\/wp\/v2\/media\/493"}],"wp:attachment":[{"href":"http:\/\/yuhsinuchang.ovh\/index.php\/wp-json\/wp\/v2\/media?parent=8"}],"curies":[{"name":"wp","href":"https:\/\/api.w.org\/{rel}","templated":true}]}}