{"id":742,"date":"2021-02-17T16:42:54","date_gmt":"2021-02-17T15:42:54","guid":{"rendered":"http:\/\/yuhsinuchang.ovh\/?page_id=742"},"modified":"2021-02-19T23:07:39","modified_gmt":"2021-02-19T22:07:39","slug":"sculpture-in-situ-transit","status":"publish","type":"page","link":"http:\/\/yuhsinuchang.ovh\/index.php\/sculpture-in-situ-transit\/","title":{"rendered":"Sculpture in situ &#8211; Transit"},"content":{"rendered":"\n<h2>Transit <\/h2>\n\n\n\n<p class=\"has-medium-font-size\"><\/p>\n\n\n\n<p style=\"font-size:14px\">sculpture <em>in situ<br><\/em>2011<br>bois et \u00e9corces, fibre de lin<br>H : 600 x \u00d8 : 300 cm<\/p>\n\n\n\n<p style=\"font-size:14px;line-height:1.3\">\u0152uvre produite dans le cadre de l\u2019exposition <em>AFTERLIFE <\/em>au Nederlands Uitvaart Museum Tot Zover en collaboration avec le cemetery and crematorium De Nieuwe Ooster, et Stichting Kunst Openbare Ruimte (SKOR &#8211; Foundation Art and Public Space) (commissaire Nanda Janssen), Amsterdam, Pays-Bas.<\/p>\n\n\n\n<p style=\"font-size:10px\"><\/p>\n\n\n\n<p style=\"font-size:14px;line-height:1.2\">Collection priv\u00e9e, France<\/p>\n\n\n\n<p style=\"font-size:30px\"><\/p>\n\n\n\n<figure class=\"wp-block-gallery columns-1\"><ul class=\"blocks-gallery-grid\"><li class=\"blocks-gallery-item\"><figure><a href=\"http:\/\/yuhsinuchang.ovh\/wp-content\/uploads\/2021\/02\/transit.jpg\"><img src=\"http:\/\/yuhsinuchang.ovh\/wp-content\/uploads\/2021\/02\/transit.jpg\" alt=\"\" data-id=\"803\" data-full-url=\"http:\/\/yuhsinuchang.ovh\/wp-content\/uploads\/2021\/02\/transit.jpg\" data-link=\"http:\/\/yuhsinuchang.ovh\/index.php\/sculpture-in-situ-transit\/transit\/\" class=\"wp-image-764\"\/><\/a><\/figure><\/li><\/ul><\/figure>\n\n\n\n<p style=\"font-size:15px\"><\/p>\n\n\n\n<p><em>Transit <\/em>est constitu\u00e9e d\u2019\u00e9corce de bois et de troncs, assembl\u00e9e dans la dynamique d\u2019un vortex vertical. Certaines parties proviennent du cimeti\u00e8re de Ooster Nieuwe. Les \u00e9corces de troncs rugueuses sont de la mati\u00e8re en \u00e9tat de destructuration, \u00e0 laquelle je donne une nouvelle pr\u00e9sence dans une forme ascensionnelle suivant un mouvement de torsion.<\/p>\n\n\n\n<p>En contraste, la partie int\u00e9rieure souple forme un tunnel vertical, tapiss\u00e9 de fibres v\u00e9g\u00e9tales soyeuses (du lin). Cavit\u00e9 dans laquelle le spectateur peut p\u00e9n\u00e9- trer.<\/p>\n\n\n\n<p>L\u2019\u0153uvre tente de r\u00e9v\u00e9ler \u00e0 notre conscience que nos vies pr\u00e9sentes ne sont qu\u2019un point de transit dans cette \u201cascension\u201d o\u00f9 nous sommes constamment en transi- tion, un voyage sans fin.<\/p>\n\n\n\n<p style=\"font-size:25px\"><\/p>\n\n\n\n<figure class=\"wp-block-gallery columns-2 is-cropped\"><ul class=\"blocks-gallery-grid\"><li class=\"blocks-gallery-item\"><figure><a href=\"http:\/\/yuhsinuchang.ovh\/wp-content\/uploads\/2021\/02\/transit14-1.jpg\"><img loading=\"lazy\" width=\"887\" height=\"652\" src=\"http:\/\/yuhsinuchang.ovh\/wp-content\/uploads\/2021\/02\/transit14-1.jpg\" alt=\"\" data-id=\"809\" data-full-url=\"http:\/\/yuhsinuchang.ovh\/wp-content\/uploads\/2021\/02\/transit14-1.jpg\" data-link=\"http:\/\/yuhsinuchang.ovh\/index.php\/sculpture-in-situ-transit\/transit14-1\/\" class=\"wp-image-809\" srcset=\"http:\/\/yuhsinuchang.ovh\/wp-content\/uploads\/2021\/02\/transit14-1.jpg 887w, http:\/\/yuhsinuchang.ovh\/wp-content\/uploads\/2021\/02\/transit14-1-300x221.jpg 300w, http:\/\/yuhsinuchang.ovh\/wp-content\/uploads\/2021\/02\/transit14-1-768x565.jpg 768w\" sizes=\"(max-width: 767px) 89vw, (max-width: 1000px) 54vw, (max-width: 1071px) 543px, 580px\" \/><\/a><\/figure><\/li><li class=\"blocks-gallery-item\"><figure><a href=\"http:\/\/yuhsinuchang.ovh\/wp-content\/uploads\/2021\/02\/transit4-1.jpg\"><img loading=\"lazy\" width=\"359\" height=\"530\" src=\"http:\/\/yuhsinuchang.ovh\/wp-content\/uploads\/2021\/02\/transit4-1.jpg\" alt=\"\" data-id=\"746\" data-link=\"http:\/\/yuhsinuchang.ovh\/?attachment_id=746\" class=\"wp-image-746\" srcset=\"http:\/\/yuhsinuchang.ovh\/wp-content\/uploads\/2021\/02\/transit4-1.jpg 359w, http:\/\/yuhsinuchang.ovh\/wp-content\/uploads\/2021\/02\/transit4-1-203x300.jpg 203w\" sizes=\"(max-width: 359px) 100vw, 359px\" \/><\/a><\/figure><\/li><li class=\"blocks-gallery-item\"><figure><a href=\"http:\/\/yuhsinuchang.ovh\/wp-content\/uploads\/2021\/02\/transit8.jpg\"><img loading=\"lazy\" width=\"735\" height=\"530\" src=\"http:\/\/yuhsinuchang.ovh\/wp-content\/uploads\/2021\/02\/transit8.jpg\" alt=\"\" data-id=\"750\" data-link=\"http:\/\/yuhsinuchang.ovh\/?attachment_id=750\" class=\"wp-image-750\" srcset=\"http:\/\/yuhsinuchang.ovh\/wp-content\/uploads\/2021\/02\/transit8.jpg 735w, http:\/\/yuhsinuchang.ovh\/wp-content\/uploads\/2021\/02\/transit8-300x216.jpg 300w\" sizes=\"(max-width: 735px) 100vw, 735px\" \/><\/a><\/figure><\/li><li class=\"blocks-gallery-item\"><figure><a href=\"http:\/\/yuhsinuchang.ovh\/wp-content\/uploads\/2021\/02\/transit9-1.jpg\"><img loading=\"lazy\" width=\"735\" height=\"500\" src=\"http:\/\/yuhsinuchang.ovh\/wp-content\/uploads\/2021\/02\/transit9-1.jpg\" alt=\"\" data-id=\"751\" data-link=\"http:\/\/yuhsinuchang.ovh\/?attachment_id=751\" class=\"wp-image-751\" srcset=\"http:\/\/yuhsinuchang.ovh\/wp-content\/uploads\/2021\/02\/transit9-1.jpg 735w, http:\/\/yuhsinuchang.ovh\/wp-content\/uploads\/2021\/02\/transit9-1-300x204.jpg 300w\" sizes=\"(max-width: 735px) 100vw, 735px\" \/><\/a><\/figure><\/li><\/ul><figcaption class=\"blocks-gallery-caption\">Installation 2011 au Crematorium De Nieuwe Ooster, Amsterdam, Pays-Bas<\/figcaption><\/figure>\n\n\n\n<p style=\"font-size:40px\"><\/p>\n\n\n\n<h2>Transit 2<\/h2>\n\n\n\n<p class=\"has-medium-font-size\"><\/p>\n\n\n\n<p style=\"font-size:14px;line-height:0\">Sculpture<em> in situ<\/em><\/p>\n\n\n\n<p style=\"font-size:14px;line-height:0\">2013<\/p>\n\n\n\n<p style=\"font-size:14px;line-height:0\">bois et \u00e9corces<\/p>\n\n\n\n<p style=\"font-size:14px;line-height:0\">H : 350 x L 380 x l : 320 cm<\/p>\n\n\n\n<p class=\"has-medium-font-size\"><\/p>\n\n\n\n<p style=\"font-size:14px;line-height:1.3\">\u0152uvre produite dans le cadre des expositions : Cahors Juin jardins ; <em>La montagne qui marche, parcours d\u2019art contemporain en Vall\u00e9e du Lot <\/em>(commis- saire Martine Michard), France, 2013<\/p>\n\n\n\n<p style=\"font-size:30px\"><\/p>\n\n\n\n<figure class=\"wp-block-gallery columns-1\"><ul class=\"blocks-gallery-grid\"><li class=\"blocks-gallery-item\"><figure><a href=\"http:\/\/yuhsinuchang.ovh\/wp-content\/uploads\/2021\/02\/transit2-2-1.jpg\"><img src=\"http:\/\/yuhsinuchang.ovh\/wp-content\/uploads\/2021\/02\/transit2-2-1.jpg\" alt=\"\" data-id=\"810\" data-full-url=\"http:\/\/yuhsinuchang.ovh\/wp-content\/uploads\/2021\/02\/transit2-2-1.jpg\" data-link=\"http:\/\/yuhsinuchang.ovh\/index.php\/sculpture-in-situ-transit\/transit2-2-1\/\" class=\"wp-image-764\"\/><\/a><\/figure><\/li><\/ul><figcaption class=\"blocks-gallery-caption\">Installation 2013 au Parc Tassart, Cahors, France<\/figcaption><\/figure>\n","protected":false},"excerpt":{"rendered":"<p>Transit sculpture in situ2011bois et \u00e9corces, fibre de linH : 600 x \u00d8 : 300 cm \u0152uvre produite dans le cadre de l\u2019exposition AFTERLIFE au Nederlands Uitvaart Museum Tot Zover en collaboration avec le cemetery and crematorium De Nieuwe Ooster, et Stichting Kunst Openbare Ruimte (SKOR &#8211; Foundation Art and Public Space) (commissaire Nanda Janssen), &hellip; <\/p>\n<p class=\"link-more\"><a href=\"http:\/\/yuhsinuchang.ovh\/index.php\/sculpture-in-situ-transit\/\" class=\"more-link\">Continue reading<span class=\"screen-reader-text\"> &#8220;Sculpture in situ &#8211; Transit&#8221;<\/span><\/a><\/p>\n","protected":false},"author":1,"featured_media":0,"parent":0,"menu_order":0,"comment_status":"closed","ping_status":"closed","template":"","meta":[],"_links":{"self":[{"href":"http:\/\/yuhsinuchang.ovh\/index.php\/wp-json\/wp\/v2\/pages\/742"}],"collection":[{"href":"http:\/\/yuhsinuchang.ovh\/index.php\/wp-json\/wp\/v2\/pages"}],"about":[{"href":"http:\/\/yuhsinuchang.ovh\/index.php\/wp-json\/wp\/v2\/types\/page"}],"author":[{"embeddable":true,"href":"http:\/\/yuhsinuchang.ovh\/index.php\/wp-json\/wp\/v2\/users\/1"}],"replies":[{"embeddable":true,"href":"http:\/\/yuhsinuchang.ovh\/index.php\/wp-json\/wp\/v2\/comments?post=742"}],"version-history":[{"count":27,"href":"http:\/\/yuhsinuchang.ovh\/index.php\/wp-json\/wp\/v2\/pages\/742\/revisions"}],"predecessor-version":[{"id":1407,"href":"http:\/\/yuhsinuchang.ovh\/index.php\/wp-json\/wp\/v2\/pages\/742\/revisions\/1407"}],"wp:attachment":[{"href":"http:\/\/yuhsinuchang.ovh\/index.php\/wp-json\/wp\/v2\/media?parent=742"}],"curies":[{"name":"wp","href":"https:\/\/api.w.org\/{rel}","templated":true}]}}