{"id":602,"date":"2021-02-16T17:24:11","date_gmt":"2021-02-16T16:24:11","guid":{"rendered":"http:\/\/yuhsinuchang.ovh\/?page_id=602"},"modified":"2021-02-19T23:39:23","modified_gmt":"2021-02-19T22:39:23","slug":"sculptures-penser","status":"publish","type":"page","link":"http:\/\/yuhsinuchang.ovh\/index.php\/sculptures-penser\/","title":{"rendered":"Sculptures &#8211; Penser"},"content":{"rendered":"\n<h2>Penser 1, 2, 3, 4, 5, 6, 7<\/h2>\n\n\n\n<p style=\"font-size:14px\">sculptures<br>2016 &#8211; 2017<br>peuplier, \u00e9rable, olivier ; cuir d&#8217;agneau<\/p>\n\n\n\n<p class=\"has-medium-font-size\"><\/p>\n\n\n\n<p class=\"has-small-font-size\" style=\"line-height:0\">#1 \/ H : 32 x L : 30 x l : 31 cm <\/p>\n\n\n\n<p class=\"has-small-font-size\" style=\"line-height:0\">#2 \/ H : 27 x L : 26 x l : 26 cm<\/p>\n\n\n\n<p class=\"has-small-font-size\" style=\"line-height:0\">#3 \/ H : 23 x L : 25 x l : 25 cm <\/p>\n\n\n\n<p class=\"has-small-font-size\" style=\"line-height:0\">#4 \/ H : 18 x L : 24 x l : 23 cm<\/p>\n\n\n\n<p class=\"has-small-font-size\" style=\"line-height:0\">#5 \/ H : 30 x L : 30 x l : 27 cm<\/p>\n\n\n\n<p class=\"has-small-font-size\" style=\"line-height:0\">#6 \/ H : 55 x L : 40 x l : 30 cm<\/p>\n\n\n\n<p class=\"has-small-font-size\" style=\"line-height:0\">#7 \/ H : 50 x L : 66 x l : 28 cm<\/p>\n\n\n\n<p style=\"font-size:40px\"><\/p>\n\n\n\n<figure class=\"wp-block-gallery columns-3 is-cropped\"><ul class=\"blocks-gallery-grid\"><li class=\"blocks-gallery-item\"><figure><a href=\"http:\/\/yuhsinuchang.ovh\/wp-content\/uploads\/2021\/02\/penser13.jpg\"><img loading=\"lazy\" width=\"735\" height=\"530\" src=\"http:\/\/yuhsinuchang.ovh\/wp-content\/uploads\/2021\/02\/penser13.jpg\" alt=\"\" data-id=\"607\" data-full-url=\"http:\/\/yuhsinuchang.ovh\/wp-content\/uploads\/2021\/02\/penser13.jpg\" data-link=\"http:\/\/yuhsinuchang.ovh\/index.php\/sculptures-penser\/penser13\/\" class=\"wp-image-607\" srcset=\"http:\/\/yuhsinuchang.ovh\/wp-content\/uploads\/2021\/02\/penser13.jpg 735w, http:\/\/yuhsinuchang.ovh\/wp-content\/uploads\/2021\/02\/penser13-300x216.jpg 300w\" sizes=\"(max-width: 735px) 100vw, 735px\" \/><\/a><\/figure><\/li><li class=\"blocks-gallery-item\"><figure><a href=\"http:\/\/yuhsinuchang.ovh\/wp-content\/uploads\/2021\/02\/penser15.jpg\"><img loading=\"lazy\" width=\"735\" height=\"530\" src=\"http:\/\/yuhsinuchang.ovh\/wp-content\/uploads\/2021\/02\/penser15.jpg\" alt=\"\" data-id=\"609\" data-full-url=\"http:\/\/yuhsinuchang.ovh\/wp-content\/uploads\/2021\/02\/penser15.jpg\" data-link=\"http:\/\/yuhsinuchang.ovh\/index.php\/sculptures-penser\/penser15\/\" class=\"wp-image-609\" srcset=\"http:\/\/yuhsinuchang.ovh\/wp-content\/uploads\/2021\/02\/penser15.jpg 735w, http:\/\/yuhsinuchang.ovh\/wp-content\/uploads\/2021\/02\/penser15-300x216.jpg 300w\" sizes=\"(max-width: 735px) 100vw, 735px\" \/><\/a><\/figure><\/li><li class=\"blocks-gallery-item\"><figure><a href=\"http:\/\/yuhsinuchang.ovh\/wp-content\/uploads\/2021\/02\/penser17.jpg\"><img loading=\"lazy\" width=\"735\" height=\"530\" src=\"http:\/\/yuhsinuchang.ovh\/wp-content\/uploads\/2021\/02\/penser17.jpg\" alt=\"\" data-id=\"611\" data-full-url=\"http:\/\/yuhsinuchang.ovh\/wp-content\/uploads\/2021\/02\/penser17.jpg\" data-link=\"http:\/\/yuhsinuchang.ovh\/index.php\/sculptures-penser\/penser17\/\" class=\"wp-image-611\" srcset=\"http:\/\/yuhsinuchang.ovh\/wp-content\/uploads\/2021\/02\/penser17.jpg 735w, http:\/\/yuhsinuchang.ovh\/wp-content\/uploads\/2021\/02\/penser17-300x216.jpg 300w\" sizes=\"(max-width: 735px) 100vw, 735px\" \/><\/a><\/figure><\/li><li class=\"blocks-gallery-item\"><figure><a href=\"http:\/\/yuhsinuchang.ovh\/wp-content\/uploads\/2021\/02\/penser9-1.jpg\"><img loading=\"lazy\" width=\"711\" height=\"530\" src=\"http:\/\/yuhsinuchang.ovh\/wp-content\/uploads\/2021\/02\/penser9-1.jpg\" alt=\"\" data-id=\"616\" data-full-url=\"http:\/\/yuhsinuchang.ovh\/wp-content\/uploads\/2021\/02\/penser9-1.jpg\" data-link=\"http:\/\/yuhsinuchang.ovh\/index.php\/sculptures-penser\/penser9-1\/\" class=\"wp-image-616\" srcset=\"http:\/\/yuhsinuchang.ovh\/wp-content\/uploads\/2021\/02\/penser9-1.jpg 711w, http:\/\/yuhsinuchang.ovh\/wp-content\/uploads\/2021\/02\/penser9-1-300x224.jpg 300w\" sizes=\"(max-width: 711px) 100vw, 711px\" \/><\/a><\/figure><\/li><li class=\"blocks-gallery-item\"><figure><a href=\"http:\/\/yuhsinuchang.ovh\/wp-content\/uploads\/2021\/02\/penser2-1.jpg\"><img loading=\"lazy\" width=\"707\" height=\"530\" src=\"http:\/\/yuhsinuchang.ovh\/wp-content\/uploads\/2021\/02\/penser2-1.jpg\" alt=\"\" data-id=\"613\" data-full-url=\"http:\/\/yuhsinuchang.ovh\/wp-content\/uploads\/2021\/02\/penser2-1.jpg\" data-link=\"http:\/\/yuhsinuchang.ovh\/index.php\/sculptures-penser\/penser2-1\/\" class=\"wp-image-613\" srcset=\"http:\/\/yuhsinuchang.ovh\/wp-content\/uploads\/2021\/02\/penser2-1.jpg 707w, http:\/\/yuhsinuchang.ovh\/wp-content\/uploads\/2021\/02\/penser2-1-300x225.jpg 300w\" sizes=\"(max-width: 707px) 100vw, 707px\" \/><\/a><\/figure><\/li><li class=\"blocks-gallery-item\"><figure><a href=\"http:\/\/yuhsinuchang.ovh\/wp-content\/uploads\/2021\/02\/Penser11-1.jpg\"><img loading=\"lazy\" width=\"775\" height=\"567\" src=\"http:\/\/yuhsinuchang.ovh\/wp-content\/uploads\/2021\/02\/Penser11-1.jpg\" alt=\"\" data-id=\"617\" data-full-url=\"http:\/\/yuhsinuchang.ovh\/wp-content\/uploads\/2021\/02\/Penser11-1.jpg\" data-link=\"http:\/\/yuhsinuchang.ovh\/index.php\/sculptures-penser\/penser11-1\/\" class=\"wp-image-617\" srcset=\"http:\/\/yuhsinuchang.ovh\/wp-content\/uploads\/2021\/02\/Penser11-1.jpg 775w, http:\/\/yuhsinuchang.ovh\/wp-content\/uploads\/2021\/02\/Penser11-1-300x219.jpg 300w, http:\/\/yuhsinuchang.ovh\/wp-content\/uploads\/2021\/02\/Penser11-1-768x562.jpg 768w\" sizes=\"(max-width: 767px) 89vw, (max-width: 1000px) 54vw, (max-width: 1071px) 543px, 580px\" \/><\/a><\/figure><\/li><li class=\"blocks-gallery-item\"><figure><a href=\"http:\/\/yuhsinuchang.ovh\/wp-content\/uploads\/2021\/02\/penser3-1.jpg\"><img loading=\"lazy\" width=\"707\" height=\"530\" src=\"http:\/\/yuhsinuchang.ovh\/wp-content\/uploads\/2021\/02\/penser3-1.jpg\" alt=\"\" data-id=\"614\" data-full-url=\"http:\/\/yuhsinuchang.ovh\/wp-content\/uploads\/2021\/02\/penser3-1.jpg\" data-link=\"http:\/\/yuhsinuchang.ovh\/index.php\/sculptures-penser\/penser3-1\/\" class=\"wp-image-614\" srcset=\"http:\/\/yuhsinuchang.ovh\/wp-content\/uploads\/2021\/02\/penser3-1.jpg 707w, http:\/\/yuhsinuchang.ovh\/wp-content\/uploads\/2021\/02\/penser3-1-300x225.jpg 300w\" sizes=\"(max-width: 707px) 100vw, 707px\" \/><\/a><\/figure><\/li><li class=\"blocks-gallery-item\"><figure><a href=\"http:\/\/yuhsinuchang.ovh\/wp-content\/uploads\/2021\/02\/penser6-1.jpg\"><img loading=\"lazy\" width=\"735\" height=\"504\" src=\"http:\/\/yuhsinuchang.ovh\/wp-content\/uploads\/2021\/02\/penser6-1.jpg\" alt=\"\" data-id=\"615\" data-full-url=\"http:\/\/yuhsinuchang.ovh\/wp-content\/uploads\/2021\/02\/penser6-1.jpg\" data-link=\"http:\/\/yuhsinuchang.ovh\/index.php\/sculptures-penser\/penser6-1\/\" class=\"wp-image-615\" srcset=\"http:\/\/yuhsinuchang.ovh\/wp-content\/uploads\/2021\/02\/penser6-1.jpg 735w, http:\/\/yuhsinuchang.ovh\/wp-content\/uploads\/2021\/02\/penser6-1-300x206.jpg 300w\" sizes=\"(max-width: 735px) 100vw, 735px\" \/><\/a><\/figure><\/li><\/ul><\/figure>\n\n\n\n<p style=\"font-size:25px\"><\/p>\n\n\n\n<p>\u00ab Il y a quelques ann\u00e9es, les scientifiques ont d\u00e9couvert en nous, l\u2019existence d\u2019un \u201cdeuxi\u00e8me cerveau\u201d. Notre ventre contient en effet deux cents millions de neurones qui veillent \u00e0 notre diges- tion et \u00e9changent des informations avec notre \u201ct\u00eate\u201d. Les chercheurs commencent \u00e0 peine \u00e0 d\u00e9crypter cette conversation secr\u00e8te [&#8230;] qui semble participer \u00e0 la gestion de nos \u00e9motions. <\/p>\n\n\n\n<p>On savait que ce que l\u2019on ressen- tait pouvait agir sur notre syst\u00e8me digestif. On d\u00e9couvre que l\u2019inverse est vrai aussi : notre deuxi\u00e8me cerveau joue avec nos \u00e9motions [&#8230;] et les bact\u00e9ries qu\u2019il contient, influencent notre person- nalit\u00e9 et nos choix, nous rend timides ou, au contraire, t\u00e9m\u00e9- raires. \u00bb <\/p>\n\n\n\n<p style=\"font-size:12px\">&#8212; \u201cLe ventre, notre deuxi\u00e8me cerveau\u201d, docu- mentaire r\u00e9alis\u00e9 par C\u00e9cile Denjean, Arte, septembre 2015<\/p>\n\n\n\n<p style=\"font-size:30px\"><\/p>\n\n\n\n<h2>Penser 8, 9, 10<\/h2>\n\n\n\n<p style=\"font-size:14px\">sculptures<br>2018<br>cryptom\u00e9ria du Japon, cuir d&#8217;agneau<\/p>\n\n\n\n<p class=\"has-medium-font-size\"><\/p>\n\n\n\n<p class=\"has-small-font-size\" style=\"line-height:0\">#8 \/ H : 32 x L : 38.5 x l : 8 cm<\/p>\n\n\n\n<p class=\"has-small-font-size\" style=\"line-height:0\">#9 \/ H : 33.5 x L : 43 x l : 8.5 cm<\/p>\n\n\n\n<p class=\"has-small-font-size\" style=\"line-height:0\">#10 \/ H : 32 x L : 40.5 x l : 8 cm<\/p>\n\n\n\n<p style=\"font-size:40px\"><\/p>\n\n\n\n<figure class=\"wp-block-gallery columns-3 is-cropped\"><ul class=\"blocks-gallery-grid\"><li class=\"blocks-gallery-item\"><figure><a href=\"http:\/\/yuhsinuchang.ovh\/wp-content\/uploads\/2021\/02\/penser8-5.jpg\"><img loading=\"lazy\" width=\"735\" height=\"530\" src=\"http:\/\/yuhsinuchang.ovh\/wp-content\/uploads\/2021\/02\/penser8-5.jpg\" alt=\"\" data-id=\"618\" data-link=\"http:\/\/yuhsinuchang.ovh\/index.php\/sculptures-penser\/penser8-5\/\" class=\"wp-image-618\" srcset=\"http:\/\/yuhsinuchang.ovh\/wp-content\/uploads\/2021\/02\/penser8-5.jpg 735w, http:\/\/yuhsinuchang.ovh\/wp-content\/uploads\/2021\/02\/penser8-5-300x216.jpg 300w\" sizes=\"(max-width: 735px) 100vw, 735px\" \/><\/a><\/figure><\/li><li class=\"blocks-gallery-item\"><figure><a href=\"http:\/\/yuhsinuchang.ovh\/wp-content\/uploads\/2021\/02\/penser9-3.jpg\"><img loading=\"lazy\" width=\"735\" height=\"530\" src=\"http:\/\/yuhsinuchang.ovh\/wp-content\/uploads\/2021\/02\/penser9-3.jpg\" alt=\"\" data-id=\"619\" data-link=\"http:\/\/yuhsinuchang.ovh\/index.php\/sculptures-penser\/penser9-3\/\" class=\"wp-image-619\" srcset=\"http:\/\/yuhsinuchang.ovh\/wp-content\/uploads\/2021\/02\/penser9-3.jpg 735w, http:\/\/yuhsinuchang.ovh\/wp-content\/uploads\/2021\/02\/penser9-3-300x216.jpg 300w\" sizes=\"(max-width: 735px) 100vw, 735px\" \/><\/a><\/figure><\/li><li class=\"blocks-gallery-item\"><figure><a href=\"http:\/\/yuhsinuchang.ovh\/wp-content\/uploads\/2021\/02\/penser10-2.jpg\"><img loading=\"lazy\" width=\"735\" height=\"530\" src=\"http:\/\/yuhsinuchang.ovh\/wp-content\/uploads\/2021\/02\/penser10-2.jpg\" alt=\"\" data-id=\"621\" data-link=\"http:\/\/yuhsinuchang.ovh\/index.php\/sculptures-penser\/penser10-2\/\" class=\"wp-image-621\" srcset=\"http:\/\/yuhsinuchang.ovh\/wp-content\/uploads\/2021\/02\/penser10-2.jpg 735w, http:\/\/yuhsinuchang.ovh\/wp-content\/uploads\/2021\/02\/penser10-2-300x216.jpg 300w\" sizes=\"(max-width: 735px) 100vw, 735px\" \/><\/a><\/figure><\/li><li class=\"blocks-gallery-item\"><figure><a href=\"http:\/\/yuhsinuchang.ovh\/wp-content\/uploads\/2021\/02\/penser9-4-1.jpg\"><img loading=\"lazy\" width=\"735\" height=\"494\" src=\"http:\/\/yuhsinuchang.ovh\/wp-content\/uploads\/2021\/02\/penser9-4-1.jpg\" alt=\"\" data-id=\"625\" data-full-url=\"http:\/\/yuhsinuchang.ovh\/wp-content\/uploads\/2021\/02\/penser9-4-1.jpg\" data-link=\"http:\/\/yuhsinuchang.ovh\/index.php\/sculptures-penser\/penser9-4-1\/\" class=\"wp-image-625\" srcset=\"http:\/\/yuhsinuchang.ovh\/wp-content\/uploads\/2021\/02\/penser9-4-1.jpg 735w, http:\/\/yuhsinuchang.ovh\/wp-content\/uploads\/2021\/02\/penser9-4-1-300x202.jpg 300w\" sizes=\"(max-width: 735px) 100vw, 735px\" \/><\/a><\/figure><\/li><li class=\"blocks-gallery-item\"><figure><a href=\"http:\/\/yuhsinuchang.ovh\/wp-content\/uploads\/2021\/02\/penser10-6.jpg\"><img loading=\"lazy\" width=\"735\" height=\"530\" src=\"http:\/\/yuhsinuchang.ovh\/wp-content\/uploads\/2021\/02\/penser10-6.jpg\" alt=\"\" data-id=\"622\" data-link=\"http:\/\/yuhsinuchang.ovh\/index.php\/sculptures-penser\/penser10-6\/\" class=\"wp-image-622\" srcset=\"http:\/\/yuhsinuchang.ovh\/wp-content\/uploads\/2021\/02\/penser10-6.jpg 735w, http:\/\/yuhsinuchang.ovh\/wp-content\/uploads\/2021\/02\/penser10-6-300x216.jpg 300w\" sizes=\"(max-width: 735px) 100vw, 735px\" \/><\/a><\/figure><\/li><\/ul><\/figure>\n","protected":false},"excerpt":{"rendered":"<p>Penser 1, 2, 3, 4, 5, 6, 7 sculptures2016 &#8211; 2017peuplier, \u00e9rable, olivier ; cuir d&#8217;agneau #1 \/ H : 32 x L : 30 x l : 31 cm #2 \/ H : 27 x L : 26 x l : 26 cm #3 \/ H : 23 x L : 25 x l &hellip; <\/p>\n<p class=\"link-more\"><a href=\"http:\/\/yuhsinuchang.ovh\/index.php\/sculptures-penser\/\" class=\"more-link\">Continue reading<span class=\"screen-reader-text\"> &#8220;Sculptures &#8211; Penser&#8221;<\/span><\/a><\/p>\n","protected":false},"author":1,"featured_media":603,"parent":0,"menu_order":0,"comment_status":"closed","ping_status":"closed","template":"","meta":[],"_links":{"self":[{"href":"http:\/\/yuhsinuchang.ovh\/index.php\/wp-json\/wp\/v2\/pages\/602"}],"collection":[{"href":"http:\/\/yuhsinuchang.ovh\/index.php\/wp-json\/wp\/v2\/pages"}],"about":[{"href":"http:\/\/yuhsinuchang.ovh\/index.php\/wp-json\/wp\/v2\/types\/page"}],"author":[{"embeddable":true,"href":"http:\/\/yuhsinuchang.ovh\/index.php\/wp-json\/wp\/v2\/users\/1"}],"replies":[{"embeddable":true,"href":"http:\/\/yuhsinuchang.ovh\/index.php\/wp-json\/wp\/v2\/comments?post=602"}],"version-history":[{"count":11,"href":"http:\/\/yuhsinuchang.ovh\/index.php\/wp-json\/wp\/v2\/pages\/602\/revisions"}],"predecessor-version":[{"id":1430,"href":"http:\/\/yuhsinuchang.ovh\/index.php\/wp-json\/wp\/v2\/pages\/602\/revisions\/1430"}],"wp:featuredmedia":[{"embeddable":true,"href":"http:\/\/yuhsinuchang.ovh\/index.php\/wp-json\/wp\/v2\/media\/603"}],"wp:attachment":[{"href":"http:\/\/yuhsinuchang.ovh\/index.php\/wp-json\/wp\/v2\/media?parent=602"}],"curies":[{"name":"wp","href":"https:\/\/api.w.org\/{rel}","templated":true}]}}