{"id":2220,"date":"2023-11-12T19:56:28","date_gmt":"2023-11-12T18:56:28","guid":{"rendered":"http:\/\/yuhsinuchang.ovh\/?page_id=2220"},"modified":"2023-11-12T22:48:22","modified_gmt":"2023-11-12T21:48:22","slug":"apres-la-pluie","status":"publish","type":"page","link":"http:\/\/yuhsinuchang.ovh\/index.php\/apres-la-pluie\/","title":{"rendered":"sculpture &#8211; Apr\u00e8s la pluie"},"content":{"rendered":"\n<h1>Apr\u00e8s la pluie<\/h1>\n\n\n\n<p>sculpture<\/p>\n\n\n\n<p>2023<\/p>\n\n\n\n<p>poussi\u00e8re de cuir et de lin, fibre de lin, fil de lin<\/p>\n\n\n\n<p>H : 208 x L : 228 x l : 60 cm<\/p>\n\n\n\n<p>\u0152uvre produite dans le cadre de l\u2019exposition <em>Le cycle du rien &#8211; POUSSI\u00c8RE<\/em>, (commissaire : Alexandre Mare), par la galerie Duchamp, Yvetot &#8211; Centre d&#8217;art contemporain d&#8217;int\u00e9r\u00eat national. <\/p>\n\n\n\n<figure class=\"wp-block-gallery columns-0 is-cropped\"><ul class=\"blocks-gallery-grid\"><li class=\"blocks-gallery-item\"><figure><img loading=\"lazy\" width=\"1024\" height=\"749\" src=\"http:\/\/yuhsinuchang.ovh\/wp-content\/uploads\/2023\/11\/Apre\u0300sLaPluie-2_YUC_web_mini_claire-1024x749.jpg\" alt=\"\" data-id=\"2271\" data-full-url=\"http:\/\/yuhsinuchang.ovh\/wp-content\/uploads\/2023\/11\/Apre\u0300sLaPluie-2_YUC_web_mini_claire.jpg\" data-link=\"http:\/\/yuhsinuchang.ovh\/index.php\/apres-la-pluie\/apreslapluie-2_yuc_web_mini_claire\/\" class=\"wp-image-2271\" srcset=\"http:\/\/yuhsinuchang.ovh\/wp-content\/uploads\/2023\/11\/Apre\u0300sLaPluie-2_YUC_web_mini_claire-1024x749.jpg 1024w, http:\/\/yuhsinuchang.ovh\/wp-content\/uploads\/2023\/11\/Apre\u0300sLaPluie-2_YUC_web_mini_claire-300x219.jpg 300w, http:\/\/yuhsinuchang.ovh\/wp-content\/uploads\/2023\/11\/Apre\u0300sLaPluie-2_YUC_web_mini_claire-768x562.jpg 768w, http:\/\/yuhsinuchang.ovh\/wp-content\/uploads\/2023\/11\/Apre\u0300sLaPluie-2_YUC_web_mini_claire.jpg 1181w\" sizes=\"(max-width: 767px) 89vw, (max-width: 1000px) 54vw, (max-width: 1071px) 543px, 580px\" \/><\/figure><\/li><li class=\"blocks-gallery-item\"><figure><img loading=\"lazy\" width=\"768\" height=\"1024\" src=\"http:\/\/yuhsinuchang.ovh\/wp-content\/uploads\/2023\/11\/Apre\u0300sLaPluie-3_YUC_web_mini_claire-768x1024.jpg\" alt=\"\" data-id=\"2272\" data-full-url=\"http:\/\/yuhsinuchang.ovh\/wp-content\/uploads\/2023\/11\/Apre\u0300sLaPluie-3_YUC_web_mini_claire.jpg\" data-link=\"http:\/\/yuhsinuchang.ovh\/index.php\/apres-la-pluie\/apreslapluie-3_yuc_web_mini_claire\/\" class=\"wp-image-2272\" srcset=\"http:\/\/yuhsinuchang.ovh\/wp-content\/uploads\/2023\/11\/Apre\u0300sLaPluie-3_YUC_web_mini_claire-768x1024.jpg 768w, http:\/\/yuhsinuchang.ovh\/wp-content\/uploads\/2023\/11\/Apre\u0300sLaPluie-3_YUC_web_mini_claire-225x300.jpg 225w, http:\/\/yuhsinuchang.ovh\/wp-content\/uploads\/2023\/11\/Apre\u0300sLaPluie-3_YUC_web_mini_claire.jpg 886w\" sizes=\"(max-width: 767px) 89vw, (max-width: 1000px) 54vw, (max-width: 1071px) 543px, 580px\" \/><\/figure><\/li><\/ul><\/figure>\n","protected":false},"excerpt":{"rendered":"<p>Apr\u00e8s la pluie sculpture 2023 poussi\u00e8re de cuir et de lin, fibre de lin, fil de lin H : 208 x L : 228 x l : 60 cm \u0152uvre produite dans le cadre de l\u2019exposition Le cycle du rien &#8211; POUSSI\u00c8RE, (commissaire : Alexandre Mare), par la galerie Duchamp, Yvetot &#8211; Centre d&#8217;art contemporain &hellip; <\/p>\n<p class=\"link-more\"><a href=\"http:\/\/yuhsinuchang.ovh\/index.php\/apres-la-pluie\/\" class=\"more-link\">Continue reading<span class=\"screen-reader-text\"> &#8220;sculpture &#8211; Apr\u00e8s la pluie&#8221;<\/span><\/a><\/p>\n","protected":false},"author":1,"featured_media":2274,"parent":0,"menu_order":0,"comment_status":"closed","ping_status":"closed","template":"","meta":[],"_links":{"self":[{"href":"http:\/\/yuhsinuchang.ovh\/index.php\/wp-json\/wp\/v2\/pages\/2220"}],"collection":[{"href":"http:\/\/yuhsinuchang.ovh\/index.php\/wp-json\/wp\/v2\/pages"}],"about":[{"href":"http:\/\/yuhsinuchang.ovh\/index.php\/wp-json\/wp\/v2\/types\/page"}],"author":[{"embeddable":true,"href":"http:\/\/yuhsinuchang.ovh\/index.php\/wp-json\/wp\/v2\/users\/1"}],"replies":[{"embeddable":true,"href":"http:\/\/yuhsinuchang.ovh\/index.php\/wp-json\/wp\/v2\/comments?post=2220"}],"version-history":[{"count":11,"href":"http:\/\/yuhsinuchang.ovh\/index.php\/wp-json\/wp\/v2\/pages\/2220\/revisions"}],"predecessor-version":[{"id":2273,"href":"http:\/\/yuhsinuchang.ovh\/index.php\/wp-json\/wp\/v2\/pages\/2220\/revisions\/2273"}],"wp:featuredmedia":[{"embeddable":true,"href":"http:\/\/yuhsinuchang.ovh\/index.php\/wp-json\/wp\/v2\/media\/2274"}],"wp:attachment":[{"href":"http:\/\/yuhsinuchang.ovh\/index.php\/wp-json\/wp\/v2\/media?parent=2220"}],"curies":[{"name":"wp","href":"https:\/\/api.w.org\/{rel}","templated":true}]}}