{"id":22,"date":"2021-02-03T11:22:18","date_gmt":"2021-02-03T10:22:18","guid":{"rendered":"http:\/\/yuhsinuchang.ovh\/?page_id=22"},"modified":"2026-01-05T09:27:11","modified_gmt":"2026-01-05T08:27:11","slug":"piblications","status":"publish","type":"page","link":"http:\/\/yuhsinuchang.ovh\/index.php\/piblications\/","title":{"rendered":"\u00e0 propos de \/ about"},"content":{"rendered":"\n<h3>R\u00e9seaux sociaux<\/h3>\n\n\n\n<h2><\/h2>\n\n\n\n<figure class=\"wp-block-embed is-type-video is-provider-youtube wp-block-embed-youtube wp-embed-aspect-16-9 wp-has-aspect-ratio\"><div class=\"wp-block-embed__wrapper\">\n<iframe title=\"ARTISTS&#039; RESIDENCIES #9 | Yuhsin U Chang discovers the Manufacture de Haute-Maroquinerie\" width=\"525\" height=\"295\" src=\"https:\/\/www.youtube.com\/embed\/wxuJr99gLLg?list=PLuz7h3sCakg-tODefOb6-vB_MXS2MvZ-D\" frameborder=\"0\" allow=\"accelerometer; autoplay; clipboard-write; encrypted-media; gyroscope; picture-in-picture; web-share\" referrerpolicy=\"strict-origin-when-cross-origin\" allowfullscreen><\/iframe>\n<\/div><figcaption>2020   Episode 1_ARTISTS&#8217; RESIDENCIES #9 | Yuhsin U Chang discovers the Manufacture de Haute-Maroquinerie, par la Fondation d&#8217;entreprise Herm\u00e8s<\/figcaption><\/figure>\n\n\n\n<h2><\/h2>\n\n\n\n<figure class=\"wp-block-embed is-type-video is-provider-youtube wp-block-embed-youtube wp-embed-aspect-16-9 wp-has-aspect-ratio\"><div class=\"wp-block-embed__wrapper\">\n<iframe title=\"ARTISTS&#039; RESIDENCIES #9 | Yuhsin U Chang, project presentation\" width=\"525\" height=\"295\" src=\"https:\/\/www.youtube.com\/embed\/fUsYqBxW7vc?list=PLuz7h3sCakg-tODefOb6-vB_MXS2MvZ-D\" frameborder=\"0\" allow=\"accelerometer; autoplay; clipboard-write; encrypted-media; gyroscope; picture-in-picture; web-share\" referrerpolicy=\"strict-origin-when-cross-origin\" allowfullscreen><\/iframe>\n<\/div><figcaption>2020   Episode 2_ARTISTS&#8217; RESIDENCIES #9 | Yuhsin U Chang, project presentation, par la Fondation d&#8217;entreprise Herm\u00e8s<\/figcaption><\/figure>\n\n\n\n<h2><\/h2>\n\n\n\n<figure class=\"wp-block-embed is-type-video is-provider-youtube wp-block-embed-youtube wp-embed-aspect-16-9 wp-has-aspect-ratio\"><div class=\"wp-block-embed__wrapper\">\n<iframe title=\"ARTISTS&#039; RESIDENCIES #9 | Yuhsin U Chang with her mentor Michel Blazy\" width=\"525\" height=\"295\" src=\"https:\/\/www.youtube.com\/embed\/V5Yc5H-Ndvs?list=PLuz7h3sCakg-tODefOb6-vB_MXS2MvZ-D\" frameborder=\"0\" allow=\"accelerometer; autoplay; clipboard-write; encrypted-media; gyroscope; picture-in-picture; web-share\" referrerpolicy=\"strict-origin-when-cross-origin\" allowfullscreen><\/iframe>\n<\/div><figcaption>2020   Episode 3_ARTISTS&#8217; RESIDENCIES #9 | Yuhsin U Chang with her mentor Michel Blazy, par la Fondation d&#8217;entreprise Herm\u00e8s<\/figcaption><\/figure>\n\n\n\n<h2><\/h2>\n\n\n\n<figure class=\"wp-block-embed is-type-video is-provider-youtube wp-block-embed-youtube wp-embed-aspect-16-9 wp-has-aspect-ratio\"><div class=\"wp-block-embed__wrapper\">\n<iframe title=\"ARTISTS&#039; RESIDENCIES #9 | Yuhsin U Chang, final project presentation\" width=\"525\" height=\"295\" src=\"https:\/\/www.youtube.com\/embed\/hJXOJSjHAMo?list=PLuz7h3sCakg-tODefOb6-vB_MXS2MvZ-D\" frameborder=\"0\" allow=\"accelerometer; autoplay; clipboard-write; encrypted-media; gyroscope; picture-in-picture; web-share\" referrerpolicy=\"strict-origin-when-cross-origin\" allowfullscreen><\/iframe>\n<\/div><figcaption>2020   Episode 4_ARTISTS&#8217; RESIDENCIES #9 | Yuhsin U Chang, final project presentation, par la Fondation d&#8217;entreprise Herm\u00e8s<\/figcaption><\/figure>\n\n\n\n<h2><\/h2>\n\n\n\n<figure class=\"wp-block-embed is-type-video is-provider-dailymotion wp-block-embed-dailymotion wp-embed-aspect-16-9 wp-has-aspect-ratio\"><div class=\"wp-block-embed__wrapper\">\n<iframe title=\"Arcane, sculpture de Yushin U Chang - Festival Art Villes et Paysage - Hortillonnages 2017\" frameborder=\"0\" width=\"525\" height=\"295\" src=\"https:\/\/geo.dailymotion.com\/player.html?video=x60t8mg&#038;\" allowfullscreen allow=\"autoplay; fullscreen; picture-in-picture; web-share\"><\/iframe>\n<\/div><figcaption>2017 Arcane-racine, sculpture de Yuhsin U Chang &#8211; Festival Art Villes et Paysages 2017 &#8211; Hotillonnage<\/figcaption><\/figure>\n\n\n\n<h2><\/h2>\n\n\n\n<figure class=\"wp-block-embed is-type-video is-provider-youtube wp-block-embed-youtube wp-embed-aspect-16-9 wp-has-aspect-ratio\"><div class=\"wp-block-embed__wrapper\">\n<iframe title=\"EpHe\u0301me\u0300res 2015  Yuhsin U CHANG\" width=\"525\" height=\"295\" src=\"https:\/\/www.youtube.com\/embed\/H-QsfIWwEnY?feature=oembed\" frameborder=\"0\" allow=\"accelerometer; autoplay; clipboard-write; encrypted-media; gyroscope; picture-in-picture; web-share\" referrerpolicy=\"strict-origin-when-cross-origin\" allowfullscreen><\/iframe>\n<\/div><figcaption>2015   Arcane-souche, sculpture de Yuhsin U Chang &#8211; Art, villes et paysages 2015 \u2013 Hortillonnage<\/figcaption><\/figure>\n\n\n\n<h1><\/h1>\n\n\n\n<figure class=\"wp-block-embed is-type-video is-provider-dailymotion wp-block-embed-dailymotion wp-embed-aspect-16-9 wp-has-aspect-ratio\"><div class=\"wp-block-embed__wrapper\">\n<iframe title=\"Souche de Yuhsin U Chang - Art, villes et paysages 2015 - Hortillonnages\" frameborder=\"0\" width=\"525\" height=\"295\" src=\"https:\/\/geo.dailymotion.com\/player.html?video=x387iuf&#038;\" allowfullscreen allow=\"autoplay; fullscreen; picture-in-picture; web-share\"><\/iframe>\n<\/div><figcaption>2015   Arcane-souche, sculpture de Yuhsin U Chang &#8211; Art, villes et paysages 2015 \u2013 Hortillonnage<\/figcaption><\/figure>\n\n\n\n<h2><\/h2>\n\n\n\n<figure class=\"wp-block-embed is-type-video is-provider-youtube wp-block-embed-youtube wp-embed-aspect-16-9 wp-has-aspect-ratio\"><div class=\"wp-block-embed__wrapper\">\n<iframe title=\"Yuhsin U Chang, Intrusion, oeuvre en cours de re\u0301alisation, VdF 2014 \u00a9 Arnaud Fuzelier\" width=\"525\" height=\"295\" src=\"https:\/\/www.youtube.com\/embed\/gUY1jJZUs9E?feature=oembed\" frameborder=\"0\" allow=\"accelerometer; autoplay; clipboard-write; encrypted-media; gyroscope; picture-in-picture; web-share\" referrerpolicy=\"strict-origin-when-cross-origin\" allowfullscreen><\/iframe>\n<\/div><figcaption>2014 Yuhsin U Chang, Intrusion, \u0153uvre en cours de r\u00e9alisation, par Vent des For\u00eats<\/figcaption><\/figure>\n\n\n\n<h2><\/h2>\n\n\n\n<figure class=\"wp-block-embed is-type-video is-provider-youtube wp-block-embed-youtube wp-embed-aspect-4-3 wp-has-aspect-ratio\"><div class=\"wp-block-embed__wrapper\">\n<iframe title=\"Yuhsin  U. Chang.avi\" width=\"525\" height=\"394\" src=\"https:\/\/www.youtube.com\/embed\/JESdGO2axp8?feature=oembed\" frameborder=\"0\" allow=\"accelerometer; autoplay; clipboard-write; encrypted-media; gyroscope; picture-in-picture; web-share\" referrerpolicy=\"strict-origin-when-cross-origin\" allowfullscreen><\/iframe>\n<\/div><figcaption>2010 Yuhsin U Chang, par Palais de Tokyo<\/figcaption><\/figure>\n","protected":false},"excerpt":{"rendered":"<p>R\u00e9seaux sociaux<\/p>\n","protected":false},"author":1,"featured_media":685,"parent":0,"menu_order":0,"comment_status":"closed","ping_status":"closed","template":"","meta":[],"_links":{"self":[{"href":"http:\/\/yuhsinuchang.ovh\/index.php\/wp-json\/wp\/v2\/pages\/22"}],"collection":[{"href":"http:\/\/yuhsinuchang.ovh\/index.php\/wp-json\/wp\/v2\/pages"}],"about":[{"href":"http:\/\/yuhsinuchang.ovh\/index.php\/wp-json\/wp\/v2\/types\/page"}],"author":[{"embeddable":true,"href":"http:\/\/yuhsinuchang.ovh\/index.php\/wp-json\/wp\/v2\/users\/1"}],"replies":[{"embeddable":true,"href":"http:\/\/yuhsinuchang.ovh\/index.php\/wp-json\/wp\/v2\/comments?post=22"}],"version-history":[{"count":16,"href":"http:\/\/yuhsinuchang.ovh\/index.php\/wp-json\/wp\/v2\/pages\/22\/revisions"}],"predecessor-version":[{"id":2343,"href":"http:\/\/yuhsinuchang.ovh\/index.php\/wp-json\/wp\/v2\/pages\/22\/revisions\/2343"}],"wp:featuredmedia":[{"embeddable":true,"href":"http:\/\/yuhsinuchang.ovh\/index.php\/wp-json\/wp\/v2\/media\/685"}],"wp:attachment":[{"href":"http:\/\/yuhsinuchang.ovh\/index.php\/wp-json\/wp\/v2\/media?parent=22"}],"curies":[{"name":"wp","href":"https:\/\/api.w.org\/{rel}","templated":true}]}}