{"id":1250,"date":"2021-02-19T16:14:00","date_gmt":"2021-02-19T15:14:00","guid":{"rendered":"http:\/\/yuhsinuchang.ovh\/?page_id=1250"},"modified":"2021-02-19T16:16:31","modified_gmt":"2021-02-19T15:16:31","slug":"sculpture-in-situ-tropisme","status":"publish","type":"page","link":"http:\/\/yuhsinuchang.ovh\/index.php\/sculpture-in-situ-tropisme\/","title":{"rendered":"Sculpture in situ &#8211; Tropisme"},"content":{"rendered":"\n<h2>Tropisme 1<\/h2>\n\n\n\n<p class=\"has-medium-font-size\"><\/p>\n\n\n\n<p style=\"font-size:14px;line-height:0\">sculpture in situ (anciennes serres horticoles)<\/p>\n\n\n\n<p style=\"font-size:14px;line-height:0\">2011<\/p>\n\n\n\n<p style=\"font-size:14px;line-height:0\">charbon de bois<\/p>\n\n\n\n<p class=\"has-small-font-size\" style=\"font-size:14px;line-height:0\">H : 350 x L : 500 x l : 200 cm<\/p>\n\n\n\n<p class=\"has-medium-font-size\"><\/p>\n\n\n\n<p style=\"font-size:14px\">\u0152uvre produite dans le cadre de l\u2019exposition \u00e0 l\u2019Usine Utopik \u2013 centre de cr\u00e9ation contemporaine, Tessy-sur-Vire, France<\/p>\n\n\n\n<p style=\"font-size:30px\"><\/p>\n\n\n\n<figure class=\"wp-block-gallery columns-1 is-cropped\"><ul class=\"blocks-gallery-grid\"><li class=\"blocks-gallery-item\"><figure><a href=\"http:\/\/yuhsinuchang.ovh\/wp-content\/uploads\/2021\/02\/tropism10-1.jpg\"><img loading=\"lazy\" width=\"735\" height=\"492\" src=\"http:\/\/yuhsinuchang.ovh\/wp-content\/uploads\/2021\/02\/tropism10-1.jpg\" alt=\"\" data-id=\"1251\" data-full-url=\"http:\/\/yuhsinuchang.ovh\/wp-content\/uploads\/2021\/02\/tropism10-1.jpg\" data-link=\"http:\/\/yuhsinuchang.ovh\/?attachment_id=1251\" class=\"wp-image-1251\" srcset=\"http:\/\/yuhsinuchang.ovh\/wp-content\/uploads\/2021\/02\/tropism10-1.jpg 735w, http:\/\/yuhsinuchang.ovh\/wp-content\/uploads\/2021\/02\/tropism10-1-300x201.jpg 300w\" sizes=\"(max-width: 735px) 100vw, 735px\" \/><\/a><\/figure><\/li><\/ul><\/figure>\n\n\n\n<p style=\"font-size:30px\"><\/p>\n\n\n\n<p>Ce sont des formes qui se seraient d\u00e9velopp\u00e9es dans ce lieu en cherchant la lumi\u00e8re et la chaleur. A l\u2019image d\u2019\u00eatres vides qui auraient grandi \u00e0 l\u2019int\u00e9rieur d\u2019une enveloppe br\u00fbl\u00e9e et fig\u00e9e dans leur mouvement interne.<\/p>\n\n\n\n<p>Ne reste plus que l\u2019\u00e9nergie qui en \u00e9mane et ces masses informes de charbon de bois pour ne laisser que le vide de leurs lentes fossilisations.<\/p>\n\n\n\n<p style=\"font-size:30px\"><\/p>\n\n\n\n<figure class=\"wp-block-gallery columns-3 is-cropped\"><ul class=\"blocks-gallery-grid\"><li class=\"blocks-gallery-item\"><figure><a href=\"http:\/\/yuhsinuchang.ovh\/wp-content\/uploads\/2021\/02\/tropism2-1.jpg\"><img loading=\"lazy\" width=\"418\" height=\"529\" src=\"http:\/\/yuhsinuchang.ovh\/wp-content\/uploads\/2021\/02\/tropism2-1.jpg\" alt=\"\" data-id=\"1252\" data-full-url=\"http:\/\/yuhsinuchang.ovh\/wp-content\/uploads\/2021\/02\/tropism2-1.jpg\" data-link=\"http:\/\/yuhsinuchang.ovh\/?attachment_id=1252\" class=\"wp-image-1252\" srcset=\"http:\/\/yuhsinuchang.ovh\/wp-content\/uploads\/2021\/02\/tropism2-1.jpg 418w, http:\/\/yuhsinuchang.ovh\/wp-content\/uploads\/2021\/02\/tropism2-1-237x300.jpg 237w\" sizes=\"(max-width: 418px) 100vw, 418px\" \/><\/a><\/figure><\/li><li class=\"blocks-gallery-item\"><figure><a href=\"http:\/\/yuhsinuchang.ovh\/wp-content\/uploads\/2021\/02\/tropism3-1.jpg\"><img loading=\"lazy\" width=\"368\" height=\"530\" src=\"http:\/\/yuhsinuchang.ovh\/wp-content\/uploads\/2021\/02\/tropism3-1.jpg\" alt=\"\" data-id=\"1253\" data-full-url=\"http:\/\/yuhsinuchang.ovh\/wp-content\/uploads\/2021\/02\/tropism3-1.jpg\" data-link=\"http:\/\/yuhsinuchang.ovh\/?attachment_id=1253\" class=\"wp-image-1253\" srcset=\"http:\/\/yuhsinuchang.ovh\/wp-content\/uploads\/2021\/02\/tropism3-1.jpg 368w, http:\/\/yuhsinuchang.ovh\/wp-content\/uploads\/2021\/02\/tropism3-1-208x300.jpg 208w\" sizes=\"(max-width: 368px) 100vw, 368px\" \/><\/a><\/figure><\/li><li class=\"blocks-gallery-item\"><figure><a href=\"http:\/\/yuhsinuchang.ovh\/wp-content\/uploads\/2021\/02\/tropism4-1.jpg\"><img loading=\"lazy\" width=\"375\" height=\"530\" src=\"http:\/\/yuhsinuchang.ovh\/wp-content\/uploads\/2021\/02\/tropism4-1.jpg\" alt=\"\" data-id=\"1254\" data-full-url=\"http:\/\/yuhsinuchang.ovh\/wp-content\/uploads\/2021\/02\/tropism4-1.jpg\" data-link=\"http:\/\/yuhsinuchang.ovh\/?attachment_id=1254\" class=\"wp-image-1254\" srcset=\"http:\/\/yuhsinuchang.ovh\/wp-content\/uploads\/2021\/02\/tropism4-1.jpg 375w, http:\/\/yuhsinuchang.ovh\/wp-content\/uploads\/2021\/02\/tropism4-1-212x300.jpg 212w\" sizes=\"(max-width: 375px) 100vw, 375px\" \/><\/a><\/figure><\/li><\/ul><figcaption class=\"blocks-gallery-caption\">Installation aux anciennes serres horticoles, Tessy-sur-Vire, France<\/figcaption><\/figure>\n\n\n\n<p style=\"font-size:60px\"><\/p>\n\n\n\n<h2>Tropisme 2<\/h2>\n\n\n\n<p class=\"has-medium-font-size\"><\/p>\n\n\n\n<p style=\"font-size:14px;line-height:0\">sculpture<\/p>\n\n\n\n<p style=\"font-size:14px;line-height:0\">2015<\/p>\n\n\n\n<p style=\"font-size:14px;line-height:0\">charbon de bois<\/p>\n\n\n\n<p class=\"has-small-font-size\" style=\"line-height:0\">H : 260 x L : 220 x l : 240 cm<\/p>\n\n\n\n<p class=\"has-medium-font-size\"><\/p>\n\n\n\n<p style=\"font-size:14px\">\u0152uvre produite dans le cadre de l\u2019exposition <em>Lointain Proche<\/em>, (commissaire Emmanuel Rivi\u00e8re), La terrasse &#8211; Espace d\u2019art de Nanterre, France<\/p>\n\n\n\n<p style=\"font-size:30px\"><\/p>\n\n\n\n<figure class=\"wp-block-gallery columns-2 is-cropped\"><ul class=\"blocks-gallery-grid\"><li class=\"blocks-gallery-item\"><figure><a href=\"http:\/\/yuhsinuchang.ovh\/wp-content\/uploads\/2021\/02\/Tropisme2-1.jpg\"><img loading=\"lazy\" width=\"504\" height=\"510\" src=\"http:\/\/yuhsinuchang.ovh\/wp-content\/uploads\/2021\/02\/Tropisme2-1.jpg\" alt=\"\" data-id=\"1260\" data-full-url=\"http:\/\/yuhsinuchang.ovh\/wp-content\/uploads\/2021\/02\/Tropisme2-1.jpg\" data-link=\"http:\/\/yuhsinuchang.ovh\/?attachment_id=1260\" class=\"wp-image-1260\" srcset=\"http:\/\/yuhsinuchang.ovh\/wp-content\/uploads\/2021\/02\/Tropisme2-1.jpg 504w, http:\/\/yuhsinuchang.ovh\/wp-content\/uploads\/2021\/02\/Tropisme2-1-296x300.jpg 296w, http:\/\/yuhsinuchang.ovh\/wp-content\/uploads\/2021\/02\/Tropisme2-1-100x100.jpg 100w\" sizes=\"(max-width: 504px) 100vw, 504px\" \/><\/a><\/figure><\/li><li class=\"blocks-gallery-item\"><figure><a href=\"http:\/\/yuhsinuchang.ovh\/wp-content\/uploads\/2021\/02\/Tropisme2-2.jpg\"><img loading=\"lazy\" width=\"482\" height=\"510\" src=\"http:\/\/yuhsinuchang.ovh\/wp-content\/uploads\/2021\/02\/Tropisme2-2.jpg\" alt=\"\" data-id=\"1261\" data-full-url=\"http:\/\/yuhsinuchang.ovh\/wp-content\/uploads\/2021\/02\/Tropisme2-2.jpg\" data-link=\"http:\/\/yuhsinuchang.ovh\/?attachment_id=1261\" class=\"wp-image-1261\" srcset=\"http:\/\/yuhsinuchang.ovh\/wp-content\/uploads\/2021\/02\/Tropisme2-2.jpg 482w, http:\/\/yuhsinuchang.ovh\/wp-content\/uploads\/2021\/02\/Tropisme2-2-284x300.jpg 284w\" sizes=\"(max-width: 482px) 100vw, 482px\" \/><\/a><\/figure><\/li><\/ul><figcaption class=\"blocks-gallery-caption\">Installation \u00e0 La terrasse &#8211; Espace d\u2019art de Nanterre, France<\/figcaption><\/figure>\n\n\n\n<p><\/p>\n","protected":false},"excerpt":{"rendered":"<p>Tropisme 1 sculpture in situ (anciennes serres horticoles) 2011 charbon de bois H : 350 x L : 500 x l : 200 cm \u0152uvre produite dans le cadre de l\u2019exposition \u00e0 l\u2019Usine Utopik \u2013 centre de cr\u00e9ation contemporaine, Tessy-sur-Vire, France Ce sont des formes qui se seraient d\u00e9velopp\u00e9es dans ce lieu en cherchant la &hellip; <\/p>\n<p class=\"link-more\"><a href=\"http:\/\/yuhsinuchang.ovh\/index.php\/sculpture-in-situ-tropisme\/\" class=\"more-link\">Continue reading<span class=\"screen-reader-text\"> &#8220;Sculpture in situ &#8211; Tropisme&#8221;<\/span><\/a><\/p>\n","protected":false},"author":1,"featured_media":1259,"parent":0,"menu_order":0,"comment_status":"closed","ping_status":"closed","template":"","meta":[],"_links":{"self":[{"href":"http:\/\/yuhsinuchang.ovh\/index.php\/wp-json\/wp\/v2\/pages\/1250"}],"collection":[{"href":"http:\/\/yuhsinuchang.ovh\/index.php\/wp-json\/wp\/v2\/pages"}],"about":[{"href":"http:\/\/yuhsinuchang.ovh\/index.php\/wp-json\/wp\/v2\/types\/page"}],"author":[{"embeddable":true,"href":"http:\/\/yuhsinuchang.ovh\/index.php\/wp-json\/wp\/v2\/users\/1"}],"replies":[{"embeddable":true,"href":"http:\/\/yuhsinuchang.ovh\/index.php\/wp-json\/wp\/v2\/comments?post=1250"}],"version-history":[{"count":2,"href":"http:\/\/yuhsinuchang.ovh\/index.php\/wp-json\/wp\/v2\/pages\/1250\/revisions"}],"predecessor-version":[{"id":1265,"href":"http:\/\/yuhsinuchang.ovh\/index.php\/wp-json\/wp\/v2\/pages\/1250\/revisions\/1265"}],"wp:featuredmedia":[{"embeddable":true,"href":"http:\/\/yuhsinuchang.ovh\/index.php\/wp-json\/wp\/v2\/media\/1259"}],"wp:attachment":[{"href":"http:\/\/yuhsinuchang.ovh\/index.php\/wp-json\/wp\/v2\/media?parent=1250"}],"curies":[{"name":"wp","href":"https:\/\/api.w.org\/{rel}","templated":true}]}}