{"id":1140,"date":"2021-02-19T11:09:01","date_gmt":"2021-02-19T10:09:01","guid":{"rendered":"http:\/\/yuhsinuchang.ovh\/?page_id=1140"},"modified":"2022-01-25T15:33:49","modified_gmt":"2022-01-25T14:33:49","slug":"photographie-vue","status":"publish","type":"page","link":"http:\/\/yuhsinuchang.ovh\/index.php\/photographie-vue\/","title":{"rendered":"Photographie &#8211; Vue"},"content":{"rendered":"\n<h2>Vue 1, 2, 3, 4, 5, 6<\/h2>\n\n\n\n<p class=\"has-medium-font-size\"><\/p>\n\n\n\n<p style=\"font-size:14px;line-height:0\">photographies<\/p>\n\n\n\n<p style=\"font-size:14px;line-height:0\">2008<\/p>\n\n\n\n<p style=\"font-size:14px;line-height:0\">impression num\u00e9rique sur papier<\/p>\n\n\n\n<p class=\"has-small-font-size\" style=\"line-height:1.5\">#1 \/ 44 x 70 cm<br>#2 \/ 44 x 70 cm<br>#3 \/ 44 x 70 cm<br>#4 \/ 44 x 70 cm<br>#5 \/ 60 x 47 cm<br>#6 \/ 60 x 47 cm<\/p>\n\n\n\n<p class=\"has-small-font-size\" style=\"line-height:1.2\">\u0152uvre produite avec le soutien du CNAP \u2013 Minist\u00e8re de la Culture et de la Communication, aide \u00e0 la premi\u00e8re exposition, France.<\/p>\n\n\n\n<p style=\"font-size:40px\"><\/p>\n\n\n\n<figure class=\"wp-block-gallery columns-1 is-cropped\"><ul class=\"blocks-gallery-grid\"><li class=\"blocks-gallery-item\"><figure><a href=\"http:\/\/yuhsinuchang.ovh\/wp-content\/uploads\/2021\/02\/vue2-1.jpg\"><img src=\"http:\/\/yuhsinuchang.ovh\/wp-content\/uploads\/2021\/02\/vue2-1.jpg\" alt=\"\" data-id=\"764\" data-full-url=\"http:\/\/yuhsinuchang.ovh\/wp-content\/uploads\/2021\/02\/vue2-1.jpg\" data-link=\"http:\/\/yuhsinuchang.ovh\/vue2-1\/\" class=\"wp-image-764\"\/><\/a><\/figure><\/li><\/ul><figcaption class=\"blocks-gallery-caption\">Vue #2<\/figcaption><\/figure>\n\n\n\n<p style=\"font-size:40px\"><\/p>\n\n\n\n<figure class=\"wp-block-gallery columns-1 is-cropped\"><ul class=\"blocks-gallery-grid\"><li class=\"blocks-gallery-item\"><figure><a href=\"http:\/\/yuhsinuchang.ovh\/wp-content\/uploads\/2021\/02\/vue1-1.jpg\"><img loading=\"lazy\" width=\"735\" height=\"413\" src=\"http:\/\/yuhsinuchang.ovh\/wp-content\/uploads\/2021\/02\/vue1-1.jpg\" alt=\"\" data-id=\"439\" data-full-url=\"http:\/\/yuhsinuchang.ovh\/wp-content\/uploads\/2021\/02\/vue1-1.jpg\" data-link=\"http:\/\/yuhsinuchang.ovh\/vue1-1\/\" class=\"wp-image-439\" srcset=\"http:\/\/yuhsinuchang.ovh\/wp-content\/uploads\/2021\/02\/vue1-1.jpg 735w, http:\/\/yuhsinuchang.ovh\/wp-content\/uploads\/2021\/02\/vue1-1-300x169.jpg 300w\" sizes=\"(max-width: 735px) 100vw, 735px\" \/><\/a><\/figure><\/li><\/ul><figcaption class=\"blocks-gallery-caption\">Vue #1<\/figcaption><\/figure>\n\n\n\n<p style=\"font-size:40px\"><\/p>\n\n\n\n<figure class=\"wp-block-gallery columns-1 is-cropped\"><ul class=\"blocks-gallery-grid\"><li class=\"blocks-gallery-item\"><figure><a href=\"http:\/\/yuhsinuchang.ovh\/wp-content\/uploads\/2021\/02\/vue4-1.jpg\"><img loading=\"lazy\" width=\"735\" height=\"413\" src=\"http:\/\/yuhsinuchang.ovh\/wp-content\/uploads\/2021\/02\/vue4-1.jpg\" alt=\"\" data-id=\"442\" data-full-url=\"http:\/\/yuhsinuchang.ovh\/wp-content\/uploads\/2021\/02\/vue4-1.jpg\" data-link=\"http:\/\/yuhsinuchang.ovh\/vue4-1\/\" class=\"wp-image-442\" srcset=\"http:\/\/yuhsinuchang.ovh\/wp-content\/uploads\/2021\/02\/vue4-1.jpg 735w, http:\/\/yuhsinuchang.ovh\/wp-content\/uploads\/2021\/02\/vue4-1-300x169.jpg 300w\" sizes=\"(max-width: 735px) 100vw, 735px\" \/><\/a><\/figure><\/li><\/ul><figcaption class=\"blocks-gallery-caption\">Vue #4<\/figcaption><\/figure>\n\n\n\n<p style=\"font-size:40px\"><\/p>\n\n\n\n<p>Les photographies semble se composer de paysages d\u00e9sertiques, priv\u00e9s de toute pr\u00e9sence ou trace humaine : terres arides ou suintantes, v\u00e9g\u00e9tations \u00e9nigmatiques, reliefs arrondis ou accident\u00e9s, au gr\u00e9 des \u00e9rosions pass\u00e9es.<\/p>\n\n\n\n<p>Regardant, scrutant \u2013 ici un d\u00e9tail, ailleurs une forme incongrue \u2013 la r\u00e9alit\u00e9 de ces paysages n\u2019appara\u00eet que peu \u00e0 peu, au fil du soup\u00e7on : ces panoramas sont de peau, ces terres sont de chair, ces ruissellements de sueur.<\/p>\n\n\n\n<p>L\u2019\u00e9tonnant, cependant, est moins dans l\u2019ing\u00e9niosit\u00e9 du dispositif et dans la parfaite illusion formelle qu\u2019il g\u00e9n\u00e8re que dans le fait qu\u2019\u00e9tonnement et questionnement perdurent \u00e0 la lev\u00e9e du myst\u00e8re. D\u2019abord, apr\u00e8s avoir scrut\u00e9 et d\u00e9voil\u00e9 l\u2019image, le spectateur est amen\u00e9 \u00e0 interroger son propre regard, \u00e0 questionner cet espace entre ce qui est donn\u00e9 \u00e0 regarder et ce que l\u2019\u0153il avait d\u2019embl\u00e9e d\u00e9cid\u00e9 d\u2019y voir.<\/p>\n\n\n\n<p>Surtout, dans un va-et-vient troublant, le regard se pla\u00eet ensuite \u00e0 reprendre, \u00e0 rebours, l\u2019illusion premi\u00e8re, \u00e0 \u00e9tablir \u00e0 l\u2019envi une toponymie de ces peaux, une g\u00e9ologie de ces corps, \u00e0 les r\u00e9tablir dans leur dimension de paysages. Ainsi, paradoxalement, cette illusion, loin de restreindre et manipuler, affirme ici notre capacit\u00e9 \u00e0 produire de l\u2019imaginaire, des paysages mentaux. <\/p>\n\n\n\n<p style=\"font-size:14px;line-height:1.5\">&#8212; H\u00e9l\u00e8ne Rat\u00e9ro, extrait d\u2019un commentaire.<\/p>\n\n\n\n<p style=\"font-size:40px\"><\/p>\n\n\n\n<figure class=\"wp-block-gallery columns-2 is-cropped\"><ul class=\"blocks-gallery-grid\"><li class=\"blocks-gallery-item\"><figure><a href=\"http:\/\/yuhsinuchang.ovh\/wp-content\/uploads\/2021\/02\/vue5-1.jpg\"><img loading=\"lazy\" width=\"391\" height=\"530\" src=\"http:\/\/yuhsinuchang.ovh\/wp-content\/uploads\/2021\/02\/vue5-1.jpg\" alt=\"\" data-id=\"443\" data-full-url=\"http:\/\/yuhsinuchang.ovh\/wp-content\/uploads\/2021\/02\/vue5-1.jpg\" data-link=\"http:\/\/yuhsinuchang.ovh\/vue5-1\/\" class=\"wp-image-443\" srcset=\"http:\/\/yuhsinuchang.ovh\/wp-content\/uploads\/2021\/02\/vue5-1.jpg 391w, http:\/\/yuhsinuchang.ovh\/wp-content\/uploads\/2021\/02\/vue5-1-221x300.jpg 221w\" sizes=\"(max-width: 391px) 100vw, 391px\" \/><\/a><\/figure><\/li><li class=\"blocks-gallery-item\"><figure><a href=\"http:\/\/yuhsinuchang.ovh\/wp-content\/uploads\/2021\/02\/vue6-1.jpg\"><img loading=\"lazy\" width=\"391\" height=\"530\" src=\"http:\/\/yuhsinuchang.ovh\/wp-content\/uploads\/2021\/02\/vue6-1.jpg\" alt=\"\" data-id=\"444\" data-full-url=\"http:\/\/yuhsinuchang.ovh\/wp-content\/uploads\/2021\/02\/vue6-1.jpg\" data-link=\"http:\/\/yuhsinuchang.ovh\/vue6-1\/\" class=\"wp-image-444\" srcset=\"http:\/\/yuhsinuchang.ovh\/wp-content\/uploads\/2021\/02\/vue6-1.jpg 391w, http:\/\/yuhsinuchang.ovh\/wp-content\/uploads\/2021\/02\/vue6-1-221x300.jpg 221w\" sizes=\"(max-width: 391px) 100vw, 391px\" \/><\/a><\/figure><\/li><\/ul><figcaption class=\"blocks-gallery-caption\">Vue #5 ; Vue #6<\/figcaption><\/figure>\n\n\n\n<p><\/p>\n","protected":false},"excerpt":{"rendered":"<p>Vue 1, 2, 3, 4, 5, 6 photographies 2008 impression num\u00e9rique sur papier #1 \/ 44 x 70 cm#2 \/ 44 x 70 cm#3 \/ 44 x 70 cm#4 \/ 44 x 70 cm#5 \/ 60 x 47 cm#6 \/ 60 x 47 cm \u0152uvre produite avec le soutien du CNAP \u2013 Minist\u00e8re de la &hellip; <\/p>\n<p class=\"link-more\"><a href=\"http:\/\/yuhsinuchang.ovh\/index.php\/photographie-vue\/\" class=\"more-link\">Continue reading<span class=\"screen-reader-text\"> &#8220;Photographie &#8211; Vue&#8221;<\/span><\/a><\/p>\n","protected":false},"author":1,"featured_media":441,"parent":0,"menu_order":0,"comment_status":"closed","ping_status":"closed","template":"","meta":[],"_links":{"self":[{"href":"http:\/\/yuhsinuchang.ovh\/index.php\/wp-json\/wp\/v2\/pages\/1140"}],"collection":[{"href":"http:\/\/yuhsinuchang.ovh\/index.php\/wp-json\/wp\/v2\/pages"}],"about":[{"href":"http:\/\/yuhsinuchang.ovh\/index.php\/wp-json\/wp\/v2\/types\/page"}],"author":[{"embeddable":true,"href":"http:\/\/yuhsinuchang.ovh\/index.php\/wp-json\/wp\/v2\/users\/1"}],"replies":[{"embeddable":true,"href":"http:\/\/yuhsinuchang.ovh\/index.php\/wp-json\/wp\/v2\/comments?post=1140"}],"version-history":[{"count":13,"href":"http:\/\/yuhsinuchang.ovh\/index.php\/wp-json\/wp\/v2\/pages\/1140\/revisions"}],"predecessor-version":[{"id":1573,"href":"http:\/\/yuhsinuchang.ovh\/index.php\/wp-json\/wp\/v2\/pages\/1140\/revisions\/1573"}],"wp:featuredmedia":[{"embeddable":true,"href":"http:\/\/yuhsinuchang.ovh\/index.php\/wp-json\/wp\/v2\/media\/441"}],"wp:attachment":[{"href":"http:\/\/yuhsinuchang.ovh\/index.php\/wp-json\/wp\/v2\/media?parent=1140"}],"curies":[{"name":"wp","href":"https:\/\/api.w.org\/{rel}","templated":true}]}}