{"id":1078,"date":"2021-02-18T18:31:43","date_gmt":"2021-02-18T17:31:43","guid":{"rendered":"http:\/\/yuhsinuchang.ovh\/?page_id=1078"},"modified":"2021-02-25T14:34:24","modified_gmt":"2021-02-25T13:34:24","slug":"sculpture-in-situ-poussiere-dans-le-palais-de-tokyo","status":"publish","type":"page","link":"http:\/\/yuhsinuchang.ovh\/index.php\/sculpture-in-situ-poussiere-dans-le-palais-de-tokyo\/","title":{"rendered":"Sculpture in situ &#8211; Poussi\u00e8re dans le Palais de Tokyo"},"content":{"rendered":"\n<h2>Poussi\u00e8re dans le Palais de Tokyo<\/h2>\n\n\n\n<p class=\"has-medium-font-size\"><\/p>\n\n\n\n<p style=\"font-size:14px;line-height:0\">sculpture <em>in situ<\/em><\/p>\n\n\n\n<p style=\"font-size:14px;line-height:0\">2010<\/p>\n\n\n\n<p style=\"font-size:14px;line-height:0\">poussi\u00e8re domestique<\/p>\n\n\n\n<p style=\"font-size:14px;line-height:0\">H : 600 x L: 200 x l : 260 cm<\/p>\n\n\n\n<p class=\"has-medium-font-size\"><\/p>\n\n\n\n<p style=\"font-size:14px;line-height:1.3\">\u0152uvre produite dans le cadre de l\u2019exposition <em>Dynasty <\/em>(commissaires: Daria de Beauvais, Julien Fronsacq, Katell Jaffr\u00e8s), Palais de Tokyo, Paris, France<\/p>\n\n\n\n<p style=\"font-size:30px\"><\/p>\n\n\n\n<figure class=\"wp-block-gallery columns-3 is-cropped\"><ul class=\"blocks-gallery-grid\"><li class=\"blocks-gallery-item\"><figure><a href=\"http:\/\/yuhsinuchang.ovh\/wp-content\/uploads\/2021\/02\/poussiere3-1.jpg\"><img loading=\"lazy\" width=\"372\" height=\"530\" src=\"http:\/\/yuhsinuchang.ovh\/wp-content\/uploads\/2021\/02\/poussiere3-1.jpg\" alt=\"\" data-id=\"1082\" data-full-url=\"http:\/\/yuhsinuchang.ovh\/wp-content\/uploads\/2021\/02\/poussiere3-1.jpg\" data-link=\"http:\/\/yuhsinuchang.ovh\/index.php\/sculpture-in-situ-poussiere-dans-le-palais-de-tokyo\/poussiere3-1\/\" class=\"wp-image-1082\" srcset=\"http:\/\/yuhsinuchang.ovh\/wp-content\/uploads\/2021\/02\/poussiere3-1.jpg 372w, http:\/\/yuhsinuchang.ovh\/wp-content\/uploads\/2021\/02\/poussiere3-1-211x300.jpg 211w\" sizes=\"(max-width: 372px) 100vw, 372px\" \/><\/a><\/figure><\/li><li class=\"blocks-gallery-item\"><figure><a href=\"http:\/\/yuhsinuchang.ovh\/wp-content\/uploads\/2021\/02\/poussiere4-1.jpg\"><img loading=\"lazy\" width=\"313\" height=\"530\" src=\"http:\/\/yuhsinuchang.ovh\/wp-content\/uploads\/2021\/02\/poussiere4-1.jpg\" alt=\"\" data-id=\"1083\" data-full-url=\"http:\/\/yuhsinuchang.ovh\/wp-content\/uploads\/2021\/02\/poussiere4-1.jpg\" data-link=\"http:\/\/yuhsinuchang.ovh\/index.php\/sculpture-in-situ-poussiere-dans-le-palais-de-tokyo\/poussiere4-1\/\" class=\"wp-image-1083\" srcset=\"http:\/\/yuhsinuchang.ovh\/wp-content\/uploads\/2021\/02\/poussiere4-1.jpg 313w, http:\/\/yuhsinuchang.ovh\/wp-content\/uploads\/2021\/02\/poussiere4-1-177x300.jpg 177w\" sizes=\"(max-width: 313px) 100vw, 313px\" \/><\/a><\/figure><\/li><li class=\"blocks-gallery-item\"><figure><a href=\"http:\/\/yuhsinuchang.ovh\/wp-content\/uploads\/2021\/02\/poussiere2-1.jpg\"><img loading=\"lazy\" width=\"307\" height=\"530\" src=\"http:\/\/yuhsinuchang.ovh\/wp-content\/uploads\/2021\/02\/poussiere2-1.jpg\" alt=\"\" data-id=\"1081\" data-full-url=\"http:\/\/yuhsinuchang.ovh\/wp-content\/uploads\/2021\/02\/poussiere2-1.jpg\" data-link=\"http:\/\/yuhsinuchang.ovh\/index.php\/sculpture-in-situ-poussiere-dans-le-palais-de-tokyo\/poussiere2-1\/\" class=\"wp-image-1081\" srcset=\"http:\/\/yuhsinuchang.ovh\/wp-content\/uploads\/2021\/02\/poussiere2-1.jpg 307w, http:\/\/yuhsinuchang.ovh\/wp-content\/uploads\/2021\/02\/poussiere2-1-174x300.jpg 174w\" sizes=\"(max-width: 307px) 100vw, 307px\" \/><\/a><\/figure><\/li><\/ul><figcaption class=\"blocks-gallery-caption\">Installation au Palais de Tokyo, Paris, France<\/figcaption><\/figure>\n\n\n\n<p style=\"font-size:50px\"><\/p>\n\n\n\n<p>Le monument de poussi\u00e8re envahissant, semble surnaturel. Ce g\u00e9ant de poussi\u00e8re, l\u2019invisible dans le visible, une appendice du lieu, \u00eatre inachev\u00e9, \u00e9bauche d\u2019un corps de r\u00e9sidus, fait ressurgir le cach\u00e9 et incarne le rejet, une accumulation du temps. Ce g\u00e9ant de poussi\u00e8re est dans un \u00e9tat instable, ainsi c\u2019est comme si il est en train de se d\u00e9sagr\u00e9ger. Cette d\u00e9sagr\u00e9gation permet de mettre en avant une opposition, celle de la d\u00e9composition et celle du renouveau (un colosse na\u00eet).<br>La poussi\u00e8re s\u2019effrite comme de la peau morte ou une \u00e9rosion de roche par le vent.<\/p>\n\n\n\n<p style=\"font-size:60px\"><\/p>\n\n\n\n<figure class=\"wp-block-embed is-type-video is-provider-youtube wp-block-embed-youtube wp-embed-aspect-4-3 wp-has-aspect-ratio\"><div class=\"wp-block-embed__wrapper\">\n<iframe title=\"Yuhsin  U. Chang.avi\" width=\"525\" height=\"394\" src=\"https:\/\/www.youtube.com\/embed\/JESdGO2axp8?feature=oembed\" frameborder=\"0\" allow=\"accelerometer; autoplay; clipboard-write; encrypted-media; gyroscope; picture-in-picture\" allowfullscreen><\/iframe>\n<\/div><\/figure>\n\n\n\n<p><em><br><\/em><\/p>\n","protected":false},"excerpt":{"rendered":"<p>Poussi\u00e8re dans le Palais de Tokyo sculpture in situ 2010 poussi\u00e8re domestique H : 600 x L: 200 x l : 260 cm \u0152uvre produite dans le cadre de l\u2019exposition Dynasty (commissaires: Daria de Beauvais, Julien Fronsacq, Katell Jaffr\u00e8s), Palais de Tokyo, Paris, France Le monument de poussi\u00e8re envahissant, semble surnaturel. Ce g\u00e9ant de poussi\u00e8re, &hellip; <\/p>\n<p class=\"link-more\"><a href=\"http:\/\/yuhsinuchang.ovh\/index.php\/sculpture-in-situ-poussiere-dans-le-palais-de-tokyo\/\" class=\"more-link\">Continue reading<span class=\"screen-reader-text\"> &#8220;Sculpture in situ &#8211; Poussi\u00e8re dans le Palais de Tokyo&#8221;<\/span><\/a><\/p>\n","protected":false},"author":1,"featured_media":1079,"parent":0,"menu_order":0,"comment_status":"closed","ping_status":"closed","template":"","meta":[],"_links":{"self":[{"href":"http:\/\/yuhsinuchang.ovh\/index.php\/wp-json\/wp\/v2\/pages\/1078"}],"collection":[{"href":"http:\/\/yuhsinuchang.ovh\/index.php\/wp-json\/wp\/v2\/pages"}],"about":[{"href":"http:\/\/yuhsinuchang.ovh\/index.php\/wp-json\/wp\/v2\/types\/page"}],"author":[{"embeddable":true,"href":"http:\/\/yuhsinuchang.ovh\/index.php\/wp-json\/wp\/v2\/users\/1"}],"replies":[{"embeddable":true,"href":"http:\/\/yuhsinuchang.ovh\/index.php\/wp-json\/wp\/v2\/comments?post=1078"}],"version-history":[{"count":16,"href":"http:\/\/yuhsinuchang.ovh\/index.php\/wp-json\/wp\/v2\/pages\/1078\/revisions"}],"predecessor-version":[{"id":1476,"href":"http:\/\/yuhsinuchang.ovh\/index.php\/wp-json\/wp\/v2\/pages\/1078\/revisions\/1476"}],"wp:featuredmedia":[{"embeddable":true,"href":"http:\/\/yuhsinuchang.ovh\/index.php\/wp-json\/wp\/v2\/media\/1079"}],"wp:attachment":[{"href":"http:\/\/yuhsinuchang.ovh\/index.php\/wp-json\/wp\/v2\/media?parent=1078"}],"curies":[{"name":"wp","href":"https:\/\/api.w.org\/{rel}","templated":true}]}}