{"id":1002,"date":"2021-02-18T16:30:17","date_gmt":"2021-02-18T15:30:17","guid":{"rendered":"http:\/\/yuhsinuchang.ovh\/?page_id=1002"},"modified":"2021-02-19T22:45:58","modified_gmt":"2021-02-19T21:45:58","slug":"sculpture-in-situ-hymne-a-la-nature","status":"publish","type":"page","link":"http:\/\/yuhsinuchang.ovh\/index.php\/sculpture-in-situ-hymne-a-la-nature\/","title":{"rendered":"Sculpture in situ &#8211; Hymne a\u0300 la nature"},"content":{"rendered":"\n<h2>Hymne \u00e0 la nature<\/h2>\n\n\n\n<p class=\"has-medium-font-size\"><\/p>\n\n\n\n<p style=\"font-size:14px;line-height:0\">sculpture <em>in situ <\/em>(peupleraie de Calvignac, Lot)<\/p>\n\n\n\n<p style=\"font-size:14px;line-height:0\">2013<\/p>\n\n\n\n<p style=\"font-size:14px;line-height:0\">laine de mouton non card\u00e9e<\/p>\n\n\n\n<p style=\"font-size:14px;line-height:0\">H : 600 x L: 60 x l : 60 cm<\/p>\n\n\n\n<p class=\"has-medium-font-size\" style=\"line-height:3\"><\/p>\n\n\n\n<p style=\"font-size:12px;line-height:1.2\">\u0152uvre produite dans le cadre des expositions : <\/p>\n\n\n\n<p style=\"font-size:12px;line-height:1.2\">2013  <em>La montagne qui marche, parcours d\u2019art contemporain en Vall\u00e9e du Lot <\/em>(commissaire Martine Michard), France<\/p>\n\n\n\n<p style=\"font-size:12px;line-height:1.2\">2014  <em>Grandeur-Den Haag Sculptuur<\/em>, Lange Voorhout, Den Haag, Pays-Bas<\/p>\n\n\n\n<p style=\"font-size:12px;line-height:1.2\">2017  <em>Art au fil de la Rance #5 &#8211; Parcours de Sculptures de Yuhsin U Chang <\/em>(commissaire : H\u00e9l\u00e8ne de S\u00e9gogne), Plou\u00ebr-sur-Rance, France<\/p>\n\n\n\n<p style=\"font-size:30px\"><\/p>\n\n\n\n<figure class=\"wp-block-gallery columns-1 is-cropped\"><ul class=\"blocks-gallery-grid\"><li class=\"blocks-gallery-item\"><figure><a href=\"http:\/\/yuhsinuchang.ovh\/wp-content\/uploads\/2021\/02\/hymen10-1.jpg\"><img loading=\"lazy\" width=\"734\" height=\"530\" src=\"http:\/\/yuhsinuchang.ovh\/wp-content\/uploads\/2021\/02\/hymen10-1.jpg\" alt=\"\" data-id=\"1032\" data-full-url=\"http:\/\/yuhsinuchang.ovh\/wp-content\/uploads\/2021\/02\/hymen10-1.jpg\" data-link=\"http:\/\/yuhsinuchang.ovh\/index.php\/sculpture-in-situ-hymne-a-la-nature\/hymen10-1\/\" class=\"wp-image-1032\" srcset=\"http:\/\/yuhsinuchang.ovh\/wp-content\/uploads\/2021\/02\/hymen10-1.jpg 734w, http:\/\/yuhsinuchang.ovh\/wp-content\/uploads\/2021\/02\/hymen10-1-300x217.jpg 300w\" sizes=\"(max-width: 734px) 100vw, 734px\" \/><\/a><\/figure><\/li><\/ul><\/figure>\n\n\n\n<p style=\"font-size:15px\"><\/p>\n\n\n\n<p>&#8220;Le lieu de la peupleraie \u00e9tait un lieu impropre \u00e0 l\u2019agriculture, l\u00e9gu\u00e9 aux filles dans les familles rurales. Dans cette peupleraie, les peupliers dress\u00e9s se tiennent align\u00e9s et espac\u00e9. Ce qui est peu naturel dans notre perception du paysage, mais n\u2019enl\u00e8ve en rien leur nature v\u00e9g\u00e9tale. L\u2019artiste a choisi d\u2019y introduire un autre \u00e9l\u00e9ment naturel, mais ici il est animal, puisqu\u2019il s\u2019agit de laine de mouton agglom\u00e9r\u00e9 en une forme qui serpente et enlace les arbres. Nous assistons ici \u00e0 une invasion silencieuse d\u2019un paysage, o\u00f9 se m\u00ealent deux entit\u00e9s qui pourraient s\u2019opposer sur de nombreux points cependant elles pourraient trouver une raison commune d\u2019\u00eatre l\u00e0. Cette parure tendre et fragile se lie ainsi au tronc rigide comme lors d\u2019un co\u00eft improbable qui pourtant t\u00e9moigne de l\u2019\u00e9quilibre fragile d\u2019un \u00e9cosyst\u00e8me.\u201d  &#8211; &#8211; &#8211; Martine Michard<\/p>\n\n\n\n<p style=\"font-size:25px\"><\/p>\n\n\n\n<figure class=\"wp-block-gallery columns-3 is-cropped\"><ul class=\"blocks-gallery-grid\"><li class=\"blocks-gallery-item\"><figure><a href=\"http:\/\/yuhsinuchang.ovh\/wp-content\/uploads\/2021\/02\/hymen1-1.jpg\"><img loading=\"lazy\" width=\"352\" height=\"530\" src=\"http:\/\/yuhsinuchang.ovh\/wp-content\/uploads\/2021\/02\/hymen1-1.jpg\" alt=\"\" data-id=\"1011\" data-link=\"http:\/\/yuhsinuchang.ovh\/index.php\/sculpture-in-situ-hymne-a-la-nature\/hymen1-1\/\" class=\"wp-image-1011\" srcset=\"http:\/\/yuhsinuchang.ovh\/wp-content\/uploads\/2021\/02\/hymen1-1.jpg 352w, http:\/\/yuhsinuchang.ovh\/wp-content\/uploads\/2021\/02\/hymen1-1-199x300.jpg 199w\" sizes=\"(max-width: 352px) 100vw, 352px\" \/><\/a><\/figure><\/li><li class=\"blocks-gallery-item\"><figure><a href=\"http:\/\/yuhsinuchang.ovh\/wp-content\/uploads\/2021\/02\/hymen9-1.jpg\"><img loading=\"lazy\" width=\"353\" height=\"529\" src=\"http:\/\/yuhsinuchang.ovh\/wp-content\/uploads\/2021\/02\/hymen9-1.jpg\" alt=\"\" data-id=\"1021\" data-full-url=\"http:\/\/yuhsinuchang.ovh\/wp-content\/uploads\/2021\/02\/hymen9-1.jpg\" data-link=\"http:\/\/yuhsinuchang.ovh\/index.php\/sculpture-in-situ-hymne-a-la-nature\/hymen9-1\/\" class=\"wp-image-1021\" srcset=\"http:\/\/yuhsinuchang.ovh\/wp-content\/uploads\/2021\/02\/hymen9-1.jpg 353w, http:\/\/yuhsinuchang.ovh\/wp-content\/uploads\/2021\/02\/hymen9-1-200x300.jpg 200w\" sizes=\"(max-width: 353px) 100vw, 353px\" \/><\/a><\/figure><\/li><li class=\"blocks-gallery-item\"><figure><a href=\"http:\/\/yuhsinuchang.ovh\/wp-content\/uploads\/2021\/02\/hymen12-1.jpg\"><img loading=\"lazy\" width=\"396\" height=\"530\" src=\"http:\/\/yuhsinuchang.ovh\/wp-content\/uploads\/2021\/02\/hymen12-1.jpg\" alt=\"\" data-id=\"1018\" data-link=\"http:\/\/yuhsinuchang.ovh\/index.php\/sculpture-in-situ-hymne-a-la-nature\/hymen12-1\/\" class=\"wp-image-1018\" srcset=\"http:\/\/yuhsinuchang.ovh\/wp-content\/uploads\/2021\/02\/hymen12-1.jpg 396w, http:\/\/yuhsinuchang.ovh\/wp-content\/uploads\/2021\/02\/hymen12-1-224x300.jpg 224w\" sizes=\"(max-width: 396px) 100vw, 396px\" \/><\/a><\/figure><\/li><li class=\"blocks-gallery-item\"><figure><a href=\"http:\/\/yuhsinuchang.ovh\/wp-content\/uploads\/2021\/02\/hymen11-1.jpg\"><img loading=\"lazy\" width=\"352\" height=\"530\" src=\"http:\/\/yuhsinuchang.ovh\/wp-content\/uploads\/2021\/02\/hymen11-1.jpg\" alt=\"\" data-id=\"1017\" data-link=\"http:\/\/yuhsinuchang.ovh\/index.php\/sculpture-in-situ-hymne-a-la-nature\/hymen11-1\/\" class=\"wp-image-1017\" srcset=\"http:\/\/yuhsinuchang.ovh\/wp-content\/uploads\/2021\/02\/hymen11-1.jpg 352w, http:\/\/yuhsinuchang.ovh\/wp-content\/uploads\/2021\/02\/hymen11-1-199x300.jpg 199w\" sizes=\"(max-width: 352px) 100vw, 352px\" \/><\/a><\/figure><\/li><li class=\"blocks-gallery-item\"><figure><a href=\"http:\/\/yuhsinuchang.ovh\/wp-content\/uploads\/2021\/02\/hymen13-1.jpg\"><img loading=\"lazy\" width=\"352\" height=\"530\" src=\"http:\/\/yuhsinuchang.ovh\/wp-content\/uploads\/2021\/02\/hymen13-1.jpg\" alt=\"\" data-id=\"1019\" data-link=\"http:\/\/yuhsinuchang.ovh\/index.php\/sculpture-in-situ-hymne-a-la-nature\/hymen13-1\/\" class=\"wp-image-1019\" srcset=\"http:\/\/yuhsinuchang.ovh\/wp-content\/uploads\/2021\/02\/hymen13-1.jpg 352w, http:\/\/yuhsinuchang.ovh\/wp-content\/uploads\/2021\/02\/hymen13-1-199x300.jpg 199w\" sizes=\"(max-width: 352px) 100vw, 352px\" \/><\/a><\/figure><\/li><li class=\"blocks-gallery-item\"><figure><a href=\"http:\/\/yuhsinuchang.ovh\/wp-content\/uploads\/2021\/02\/hymen3-1.jpg\"><img loading=\"lazy\" width=\"735\" height=\"490\" src=\"http:\/\/yuhsinuchang.ovh\/wp-content\/uploads\/2021\/02\/hymen3-1.jpg\" alt=\"\" data-id=\"1013\" data-link=\"http:\/\/yuhsinuchang.ovh\/index.php\/sculpture-in-situ-hymne-a-la-nature\/hymen3-1\/\" class=\"wp-image-1013\" srcset=\"http:\/\/yuhsinuchang.ovh\/wp-content\/uploads\/2021\/02\/hymen3-1.jpg 735w, http:\/\/yuhsinuchang.ovh\/wp-content\/uploads\/2021\/02\/hymen3-1-300x200.jpg 300w\" sizes=\"(max-width: 735px) 100vw, 735px\" \/><\/a><\/figure><\/li><\/ul><figcaption class=\"blocks-gallery-caption\">Installation dans une peupleraie de Calvignac, Lot<\/figcaption><\/figure>\n\n\n\n<p><br><\/p>\n","protected":false},"excerpt":{"rendered":"<p>Hymne \u00e0 la nature sculpture in situ (peupleraie de Calvignac, Lot) 2013 laine de mouton non card\u00e9e H : 600 x L: 60 x l : 60 cm \u0152uvre produite dans le cadre des expositions : 2013 La montagne qui marche, parcours d\u2019art contemporain en Vall\u00e9e du Lot (commissaire Martine Michard), France 2014 Grandeur-Den Haag &hellip; <\/p>\n<p class=\"link-more\"><a href=\"http:\/\/yuhsinuchang.ovh\/index.php\/sculpture-in-situ-hymne-a-la-nature\/\" class=\"more-link\">Continue reading<span class=\"screen-reader-text\"> &#8220;Sculpture in situ &#8211; Hymne a\u0300 la nature&#8221;<\/span><\/a><\/p>\n","protected":false},"author":1,"featured_media":1003,"parent":0,"menu_order":0,"comment_status":"closed","ping_status":"closed","template":"","meta":[],"_links":{"self":[{"href":"http:\/\/yuhsinuchang.ovh\/index.php\/wp-json\/wp\/v2\/pages\/1002"}],"collection":[{"href":"http:\/\/yuhsinuchang.ovh\/index.php\/wp-json\/wp\/v2\/pages"}],"about":[{"href":"http:\/\/yuhsinuchang.ovh\/index.php\/wp-json\/wp\/v2\/types\/page"}],"author":[{"embeddable":true,"href":"http:\/\/yuhsinuchang.ovh\/index.php\/wp-json\/wp\/v2\/users\/1"}],"replies":[{"embeddable":true,"href":"http:\/\/yuhsinuchang.ovh\/index.php\/wp-json\/wp\/v2\/comments?post=1002"}],"version-history":[{"count":18,"href":"http:\/\/yuhsinuchang.ovh\/index.php\/wp-json\/wp\/v2\/pages\/1002\/revisions"}],"predecessor-version":[{"id":1392,"href":"http:\/\/yuhsinuchang.ovh\/index.php\/wp-json\/wp\/v2\/pages\/1002\/revisions\/1392"}],"wp:featuredmedia":[{"embeddable":true,"href":"http:\/\/yuhsinuchang.ovh\/index.php\/wp-json\/wp\/v2\/media\/1003"}],"wp:attachment":[{"href":"http:\/\/yuhsinuchang.ovh\/index.php\/wp-json\/wp\/v2\/media?parent=1002"}],"curies":[{"name":"wp","href":"https:\/\/api.w.org\/{rel}","templated":true}]}}